{"id":11100,"date":"2024-12-04T08:34:14","date_gmt":"2024-12-04T08:34:14","guid":{"rendered":"https:\/\/decap-he.si\/?page_id=11100"},"modified":"2024-12-11T06:24:26","modified_gmt":"2024-12-11T06:24:26","slug":"didakticna-izobrazevanja","status":"publish","type":"page","link":"https:\/\/decap-he.si\/en\/didakticna-izobrazevanja\/","title":{"rendered":"Didakti\u010dna izobra\u017eevanja"},"content":{"rendered":"<p>Center za pedago\u0161ko-didakti\u010dni razvoj in podporo u\u010diteljem v \u0161tudijskem letu 2024\/25 ponuja vrsto izobra\u017eevanj za pedago\u0161ke delavce:<\/p><p><strong>SEPTEMBER<\/strong><\/p><p><em><u>Didakti\u010dne vsebine za novo habilitirane u\u010ditelje in pedago\u0161ke sodelavce \u2013 za\u010detno izobra\u017eevanje<\/u><\/em><\/p><p>2 &#8211; dnevno izobra\u017eevanje po 2 pedago\u0161ki uri; doc. dr. Polonca Serrano<\/p><p class=\"has-vivid-green-cyan-color has-text-color has-link-color wp-elements-0e4981aaaf95efef4a88a06b6b8e3ef0\">24. 9. in 26. 9. 2024<\/p><p><strong>OKTOBER<\/strong><\/p><p><em><u>Online didakti\u010dne vsebine<\/u><\/em><\/p><p>3 &#8211; dnevno izobra\u017eevanje po 2 pedago\u0161ki uri, za vse pedago\u0161ke sodelavce; doc. dr. Polonca Serrano<\/p><p class=\"has-vivid-green-cyan-color has-text-color has-link-color wp-elements-daa7dd60577407698409b426a93109aa\">28. 10, 29. 10. in 30. 10. 2024; izklju\u010dno online<\/p><div class=\"wp-block-file\"><a id=\"wp-block-file--media-584da11c-14b2-4303-b589-9df01bc53584\" href=\"https:\/\/decap-he.si\/wp-content\/uploads\/2024\/12\/Online-didakticne-vsebine-1.del_.pdf\">Online didakti\u010dne vsebine 1.del<\/a><a href=\"https:\/\/decap-he.si\/wp-content\/uploads\/2024\/12\/Online-didakticne-vsebine-1.del_.pdf\" class=\"wp-block-file__button wp-element-button\" download aria-describedby=\"wp-block-file--media-584da11c-14b2-4303-b589-9df01bc53584\">Prenos<\/a><\/div><div class=\"wp-block-file\"><a id=\"wp-block-file--media-9c9117fc-d432-434c-9a72-a5ad738a2d79\" href=\"https:\/\/decap-he.si\/wp-content\/uploads\/2024\/12\/Online-didakticne-vsebine-2.del_.pdf\">Online didakti\u010dne vsebine 2.del<\/a><a href=\"https:\/\/decap-he.si\/wp-content\/uploads\/2024\/12\/Online-didakticne-vsebine-2.del_.pdf\" class=\"wp-block-file__button wp-element-button\" download aria-describedby=\"wp-block-file--media-9c9117fc-d432-434c-9a72-a5ad738a2d79\">Prenos<\/a><\/div><div class=\"wp-block-file\"><a id=\"wp-block-file--media-2d82f143-f345-41d3-85fc-2eee9bd058e5\" href=\"https:\/\/decap-he.si\/wp-content\/uploads\/2024\/12\/Online-didakticne-vsebine-3.del_.pdf\">Online didakti\u010dne vsebine 3.del<\/a><a href=\"https:\/\/decap-he.si\/wp-content\/uploads\/2024\/12\/Online-didakticne-vsebine-3.del_.pdf\" class=\"wp-block-file__button wp-element-button\" download aria-describedby=\"wp-block-file--media-2d82f143-f345-41d3-85fc-2eee9bd058e5\">Prenos<\/a><\/div><p><strong>NOVEMBER<\/strong><\/p><p><em><u>Umetna inteligenca pri pedago\u0161kem delu \u2013 delo z jezikovnimi modeli<\/u><\/em><\/p><p>3 urno izobra\u017eevanje za vse pedago\u0161ke sodelavce; mag Mirjana Ivanu\u0161a Bezjak in doc. dr. Polonca Serrano<\/p><p class=\"has-vivid-green-cyan-color has-text-color has-link-color wp-elements-c0d0ef272b1d93bd545e655b4a337e54\">12. 11. 2024; izklju\u010dno online<\/p><p><strong>DECEMBER<\/strong><\/p><p><em><u>Preverjanje in ocenjevanje v visokem \u0161olstvu<\/u><\/em><strong><\/strong><\/p><p>3 &#8211; dnevno izobra\u017eevanje po 2 pedago\u0161ki uri, za vse pedago\u0161ke sodelavce; doc. dr. Polonca Serrano<\/p><p class=\"has-vivid-green-cyan-color has-text-color has-link-color wp-elements-cad2c6324c3020b9533992400adf6402\">2. 12., 4. 12. in 6. 12. 2024<\/p><p><strong>JANUAR<\/strong><\/p><p><em><u>Umetna inteligenca pri pedago\u0161kem delu \u2013 delo z uporabni\u0161kimi aplikacijami<\/u><\/em><\/p><p>3 urno izobra\u017eevanje za vse pedago\u0161ke sodelavce<\/p><p class=\"has-vivid-green-cyan-color has-text-color has-link-color wp-elements-ab9b55765094c63531fb0abaa16fea07\">Predvidoma 22. ali 23. 1. 2025<\/p><p><strong>FEBRUAR<\/strong><\/p><p><em><u>Didakti\u010dne vsebine za novo habilitirane u\u010ditelje in pedago\u0161ke sodelavce \u2013 nadaljevalno izobra\u017eevanje<\/u><\/em><\/p><p>2 &#8211; dnevno izobra\u017eevanje po 2 pedago\u0161ki uri<\/p><p class=\"has-vivid-green-cyan-color has-text-color has-link-color wp-elements-b0bbdfc75db66178a816f865059a70e7\">25. 2. in 27. 2. 2025<\/p><p><strong>MAREC<\/strong><\/p><p><em><u>Umetna inteligenca pri pedago\u0161kem delu \u2013 delo z jezikovnimi modeli<\/u><\/em><\/p><p>3 urno izobra\u017eevanje za vse pedago\u0161ke sodelavce<\/p><p class=\"has-vivid-green-cyan-color has-text-color has-link-color wp-elements-f1a66f5306b3b827e572a2562590dd86\">20. 3. 2025<\/p><p><strong>APRIL<\/strong><\/p><p><em><u>Online didakti\u010dne vsebine<\/u><\/em><\/p><p>3 &#8211; dnevno izobra\u017eevanje po 2 pedago\u0161ki uri, za vse pedago\u0161ke sodelavce<\/p><p class=\"has-vivid-green-cyan-color has-text-color has-link-color wp-elements-369f6a36e506b2a9f8f17d17b559d6e0\">24. 4., 28. 4. in 29. 4. 2025; izklju\u010dno online<\/p><p><strong>MAJ<\/strong><\/p><p><em><u>Umetna inteligenca pri pedago\u0161kem delu \u2013 delo z uporabni\u0161kimi aplikacijami<\/u><\/em><\/p><p>3 urno izobra\u017eevanje za vse pedago\u0161ke sodelavce<\/p><p class=\"has-vivid-green-cyan-color has-text-color has-link-color wp-elements-703be70fc371974a7b7cd6a0d153a33a\">12. 5. 2025; izklju\u010dno online<\/p><p><em><u>Preverjanje in ocenjevanje v visokem \u0161olstvu<\/u><\/em><strong><\/strong><\/p><p>3 &#8211; dnevno izobra\u017eevanje po 2 pedago\u0161ki uri, za vse pedago\u0161ke sodelavce<\/p><p class=\"has-vivid-green-cyan-color has-text-color has-link-color wp-elements-363d4b187ac73aa52f7ffd6445756943\">12. 5., 14. 5. in 16. 5. 2025<\/p><p><strong>JUNIJ<\/strong><\/p><p><em><u>Didakti\u010dne vsebine za novo habilitirane u\u010ditelje in pedago\u0161ke sodelavce \u2013 za\u010detno izobra\u017eevanje<\/u><\/em><\/p><p>2 &#8211; dnevno izobra\u017eevanje po 2 pedago\u0161ki uri<\/p><p>datum bo dolo\u010den naknadno<\/p>","protected":false},"excerpt":{"rendered":"<p>Center za pedago\u0161ko-didakti\u010dni razvoj in podporo u\u010diteljem v \u0161tudijskem letu 2024\/25 ponuja vrsto izobra\u017eevanj za pedago\u0161ke delavce: SEPTEMBER Didakti\u010dne vsebine za novo habilitirane u\u010ditelje in pedago\u0161ke sodelavce \u2013 za\u010detno izobra\u017eevanje [&hellip;]<\/p>","protected":false},"author":5,"featured_media":0,"parent":0,"menu_order":0,"comment_status":"closed","ping_status":"closed","template":"","meta":{"_acf_changed":false,"footnotes":""},"class_list":["post-11100","page","type-page","status-publish","hentry"],"acf":[],"wpcf_dashboard":"<div class=\"woocommerce\"><div class=\"woocommerce-info\">Please log in first? <a class=\"wpneoShowLogin\" href=\"#\">Click here to login<\/a><\/div><div class=\"wpneo_login_form_div\" style=\"display: none;\"><form name=\"loginform\" id=\"loginform\" action=\"https:\/\/decap-he.si\/wp-login.php\" method=\"post\"><p class=\"login-username\">\n\t\t\t\t<label for=\"user_login\">Username or Email Address<\/label>\n\t\t\t\t<input type=\"text\" name=\"log\" id=\"user_login\" autocomplete=\"username\" class=\"input\" value=\"\" size=\"20\" \/>\n\t\t\t<\/p><p class=\"login-password\">\n\t\t\t\t<label for=\"user_pass\">Password<\/label>\n\t\t\t\t<input type=\"password\" name=\"pwd\" id=\"user_pass\" autocomplete=\"current-password\" spellcheck=\"false\" class=\"input\" value=\"\" size=\"20\" \/>\n\t\t\t<\/p><p class=\"login-remember\"><label><input name=\"rememberme\" type=\"checkbox\" id=\"rememberme\" value=\"forever\" \/> Remember Me<\/label><\/p><p class=\"login-submit\">\n\t\t\t\t<input type=\"submit\" name=\"wp-submit\" id=\"wp-submit\" class=\"button button-primary\" value=\"Log In\" \/>\n\t\t\t\t<input type=\"hidden\" name=\"redirect_to\" value=\"https:\/\/decap-he.si\/en\/wp-json\/wp\/v2\/pages\/11100\" \/>\n\t\t\t<\/p><\/form><\/div><\/div>","_links":{"self":[{"href":"https:\/\/decap-he.si\/en\/wp-json\/wp\/v2\/pages\/11100","targetHints":{"allow":["GET"]}}],"collection":[{"href":"https:\/\/decap-he.si\/en\/wp-json\/wp\/v2\/pages"}],"about":[{"href":"https:\/\/decap-he.si\/en\/wp-json\/wp\/v2\/types\/page"}],"author":[{"embeddable":true,"href":"https:\/\/decap-he.si\/en\/wp-json\/wp\/v2\/users\/5"}],"replies":[{"embeddable":true,"href":"https:\/\/decap-he.si\/en\/wp-json\/wp\/v2\/comments?post=11100"}],"version-history":[{"count":7,"href":"https:\/\/decap-he.si\/en\/wp-json\/wp\/v2\/pages\/11100\/revisions"}],"predecessor-version":[{"id":11123,"href":"https:\/\/decap-he.si\/en\/wp-json\/wp\/v2\/pages\/11100\/revisions\/11123"}],"wp:attachment":[{"href":"https:\/\/decap-he.si\/en\/wp-json\/wp\/v2\/media?parent=11100"}],"curies":[{"name":"wp","href":"https:\/\/api.w.org\/{rel}","templated":true}]}}