{"id":2415,"date":"2017-06-15T07:15:28","date_gmt":"2017-06-15T07:15:28","guid":{"rendered":"https:\/\/www.gavias-theme.com\/wp\/krowd\/?page_id=2415"},"modified":"2017-06-15T07:15:28","modified_gmt":"2017-06-15T07:15:28","slug":"portfolio-page","status":"publish","type":"page","link":"https:\/\/decap-he.si\/en\/portfolio-page\/","title":{"rendered":"Portfolio"},"content":{"rendered":"<div data-elementor-type=\"wp-post\" data-elementor-id=\"2415\" class=\"elementor elementor-2415\" data-elementor-post-type=\"page\">\n\t\t\t\t\t\t<section class=\"elementor-section elementor-top-section elementor-element elementor-element-5f22f8c elementor-section-boxed elementor-section-height-default elementor-section-height-default\" data-id=\"5f22f8c\" data-element_type=\"section\" data-settings=\"{&quot;_ha_eqh_enable&quot;:false}\">\n\t\t\t\t\t\t<div class=\"elementor-container elementor-column-gap-default\">\n\t\t\t\t\t<div class=\"elementor-column elementor-col-100 elementor-top-column elementor-element elementor-element-9399eb8 column-style-top\" data-id=\"9399eb8\" data-element_type=\"column\">\n\t\t\t<div class=\"elementor-widget-wrap elementor-element-populated\">\n\t\t\t\t\t\t<div class=\"elementor-element elementor-element-585d632 elementor-widget elementor-widget-gva-portfolio\" data-id=\"585d632\" data-element_type=\"widget\" data-widget_type=\"gva-portfolio.default\">\n\t\t\t\t<div class=\"elementor-widget-container\">\n\t\t\t<div class=\"gva-element-gva-portfolio gva-element\">\r\n  <div class=\"gva-posts-grid clearfix grid-n5v2\" data-filter=\"n5v2\">\r\n                 <nav class=\"portfolio-filter\">\r\n          <ul class=\"nav nav-tabs\">\r\n             <li><a class=\"btn-filter all active\" href=\"javascript:void(0)\" data-filter=\"*\"><span>All<\/span><\/a><\/li>\r\n                       <\/ul> \r\n       <\/nav> \r\n        <div class=\"gva-content-items\"> \r\n      <div class=\"isotope-items view-portfolio lg-block-grid-3 md-block-grid-3 sm-block-grid-2 xs-block-grid-1 xx-block-grid-1\">\r\n        <div class=\"all  item-columns isotope-item\">\r\n   <div class=\"portfolio-block portfolio-v1\">      \r\n      <div class=\"images\">\r\n         <a class=\"link-image-content\" href=\"https:\/\/decap-he.si\/en\/galerije\/foto-aktivno-ucenje-s-perspektive-studentov\/\">\r\n            <img fetchpriority=\"high\" decoding=\"async\" width=\"2560\" height=\"1942\" src=\"https:\/\/decap-he.si\/wp-content\/uploads\/2023\/09\/20230920_125053-scaled.jpg\" class=\"attachment-oxpitan_medium size-oxpitan_medium wp-post-image\" alt=\"\" srcset=\"https:\/\/decap-he.si\/wp-content\/uploads\/2023\/09\/20230920_125053-scaled.jpg 2560w, https:\/\/decap-he.si\/wp-content\/uploads\/2023\/09\/20230920_125053-1024x777.jpg 1024w, https:\/\/decap-he.si\/wp-content\/uploads\/2023\/09\/20230920_125053-768x583.jpg 768w, https:\/\/decap-he.si\/wp-content\/uploads\/2023\/09\/20230920_125053-16x12.jpg 16w, https:\/\/decap-he.si\/wp-content\/uploads\/2023\/09\/20230920_125053-600x455.jpg 600w\" sizes=\"(max-width: 2560px) 100vw, 2560px\" \/>         <\/a>\r\n         <a class=\"link\" href=\"https:\/\/decap-he.si\/en\/galerije\/foto-aktivno-ucenje-s-perspektive-studentov\/\"><i class=\"fas fa-link\"><\/i><\/a>\r\n      <\/div>\r\n      <div class=\"portfolio-content\">\r\n         <div class=\"content-inner\">\r\n            <div class=\"portfolio-meta\"><\/div>\r\n            <h3 class=\"title\"><a href=\"https:\/\/decap-he.si\/en\/galerije\/foto-aktivno-ucenje-s-perspektive-studentov\/\">novo<\/a><\/h3> \r\n         <\/div>    \r\n      <\/div>   \r\n   <\/div>\r\n<\/div>\r\n\r\n  <div class=\"all  item-columns isotope-item\">\r\n   <div class=\"portfolio-block portfolio-v1\">      \r\n      <div class=\"images\">\r\n         <a class=\"link-image-content\" href=\"https:\/\/decap-he.si\/en\/aktivno-ucenje-s-perspektive-studentov\/\">\r\n            <img fetchpriority=\"high\" decoding=\"async\" width=\"2560\" height=\"1942\" src=\"https:\/\/decap-he.si\/wp-content\/uploads\/2023\/09\/20230920_125053-scaled.jpg\" class=\"attachment-oxpitan_medium size-oxpitan_medium wp-post-image\" alt=\"\" srcset=\"https:\/\/decap-he.si\/wp-content\/uploads\/2023\/09\/20230920_125053-scaled.jpg 2560w, https:\/\/decap-he.si\/wp-content\/uploads\/2023\/09\/20230920_125053-1024x777.jpg 1024w, https:\/\/decap-he.si\/wp-content\/uploads\/2023\/09\/20230920_125053-768x583.jpg 768w, https:\/\/decap-he.si\/wp-content\/uploads\/2023\/09\/20230920_125053-16x12.jpg 16w, https:\/\/decap-he.si\/wp-content\/uploads\/2023\/09\/20230920_125053-600x455.jpg 600w\" sizes=\"(max-width: 2560px) 100vw, 2560px\" \/>         <\/a>\r\n         <a class=\"link\" href=\"https:\/\/decap-he.si\/en\/aktivno-ucenje-s-perspektive-studentov\/\"><i class=\"fas fa-link\"><\/i><\/a>\r\n      <\/div>\r\n      <div class=\"portfolio-content\">\r\n         <div class=\"content-inner\">\r\n            <div class=\"portfolio-meta\"><\/div>\r\n            <h3 class=\"title\"><a href=\"https:\/\/decap-he.si\/en\/aktivno-ucenje-s-perspektive-studentov\/\">FOTO: Aktivno u\u010denje s perspektive \u0161tudentov<\/a><\/h3> \r\n         <\/div>    \r\n      <\/div>   \r\n   <\/div>\r\n<\/div>\r\n\r\n  <div class=\"all  item-columns isotope-item\">\r\n   <div class=\"portfolio-block portfolio-v1\">      \r\n      <div class=\"images\">\r\n         <a class=\"link-image-content\" href=\"https:\/\/decap-he.si\/en\/galerije\/uvod-v-poucevanje-ucenje-v-izobrazevanju\/\">\r\n            <img decoding=\"async\" width=\"2560\" height=\"1920\" src=\"https:\/\/decap-he.si\/wp-content\/uploads\/2023\/02\/20230209_092220-scaled.jpg\" class=\"attachment-oxpitan_medium size-oxpitan_medium wp-post-image\" alt=\"\" srcset=\"https:\/\/decap-he.si\/wp-content\/uploads\/2023\/02\/20230209_092220-scaled.jpg 2560w, https:\/\/decap-he.si\/wp-content\/uploads\/2023\/02\/20230209_092220-1024x768.jpg 1024w, https:\/\/decap-he.si\/wp-content\/uploads\/2023\/02\/20230209_092220-768x576.jpg 768w, https:\/\/decap-he.si\/wp-content\/uploads\/2023\/02\/20230209_092220-16x12.jpg 16w, https:\/\/decap-he.si\/wp-content\/uploads\/2023\/02\/20230209_092220-600x450.jpg 600w\" sizes=\"(max-width: 2560px) 100vw, 2560px\" \/>         <\/a>\r\n         <a class=\"link\" href=\"https:\/\/decap-he.si\/en\/galerije\/uvod-v-poucevanje-ucenje-v-izobrazevanju\/\"><i class=\"fas fa-link\"><\/i><\/a>\r\n      <\/div>\r\n      <div class=\"portfolio-content\">\r\n         <div class=\"content-inner\">\r\n            <div class=\"portfolio-meta\"><\/div>\r\n            <h3 class=\"title\"><a href=\"https:\/\/decap-he.si\/en\/galerije\/uvod-v-poucevanje-ucenje-v-izobrazevanju\/\">FOTO: Uvod v pou\u010devanje in u\u010denje v visoko\u0161olskem izobra\u017eevanju<\/a><\/h3> \r\n         <\/div>    \r\n      <\/div>   \r\n   <\/div>\r\n<\/div>\r\n\r\n  <div class=\"all  item-columns isotope-item\">\r\n   <div class=\"portfolio-block portfolio-v1\">      \r\n      <div class=\"images\">\r\n         <a class=\"link-image-content\" href=\"https:\/\/decap-he.si\/en\/galerije\/foto-studijski-obisk-na-norveskem\/\">\r\n            <img decoding=\"async\" width=\"2560\" height=\"1921\" src=\"https:\/\/decap-he.si\/wp-content\/uploads\/2022\/12\/IMG_7898-scaled.jpg\" class=\"attachment-oxpitan_medium size-oxpitan_medium wp-post-image\" alt=\"\" srcset=\"https:\/\/decap-he.si\/wp-content\/uploads\/2022\/12\/IMG_7898-scaled.jpg 2560w, https:\/\/decap-he.si\/wp-content\/uploads\/2022\/12\/IMG_7898-1024x768.jpg 1024w, https:\/\/decap-he.si\/wp-content\/uploads\/2022\/12\/IMG_7898-768x576.jpg 768w, https:\/\/decap-he.si\/wp-content\/uploads\/2022\/12\/IMG_7898-600x450.jpg 600w\" sizes=\"(max-width: 2560px) 100vw, 2560px\" \/>         <\/a>\r\n         <a class=\"link\" href=\"https:\/\/decap-he.si\/en\/galerije\/foto-studijski-obisk-na-norveskem\/\"><i class=\"fas fa-link\"><\/i><\/a>\r\n      <\/div>\r\n      <div class=\"portfolio-content\">\r\n         <div class=\"content-inner\">\r\n            <div class=\"portfolio-meta\"><\/div>\r\n            <h3 class=\"title\"><a href=\"https:\/\/decap-he.si\/en\/galerije\/foto-studijski-obisk-na-norveskem\/\">PHOTO: Study visit to Norway<\/a><\/h3> \r\n         <\/div>    \r\n      <\/div>   \r\n   <\/div>\r\n<\/div>\r\n\r\n  <div class=\"all  item-columns isotope-item\">\r\n   <div class=\"portfolio-block portfolio-v1\">      \r\n      <div class=\"images\">\r\n         <a class=\"link-image-content\" href=\"https:\/\/decap-he.si\/en\/galerije\/foto-simpozij-o-izboljsanju-kakovosti-in-ucinkovitosti-izobrazevanja-in-ucenja\/\">\r\n            <img loading=\"lazy\" decoding=\"async\" width=\"2560\" height=\"1707\" src=\"https:\/\/decap-he.si\/wp-content\/uploads\/2017\/05\/20221018-001-scaled.jpg\" class=\"attachment-oxpitan_medium size-oxpitan_medium wp-post-image\" alt=\"\" srcset=\"https:\/\/decap-he.si\/wp-content\/uploads\/2017\/05\/20221018-001-scaled.jpg 2560w, https:\/\/decap-he.si\/wp-content\/uploads\/2017\/05\/20221018-001-1024x683.jpg 1024w, https:\/\/decap-he.si\/wp-content\/uploads\/2017\/05\/20221018-001-768x512.jpg 768w, https:\/\/decap-he.si\/wp-content\/uploads\/2017\/05\/20221018-001-600x400.jpg 600w\" sizes=\"(max-width: 2560px) 100vw, 2560px\" \/>         <\/a>\r\n         <a class=\"link\" href=\"https:\/\/decap-he.si\/en\/galerije\/foto-simpozij-o-izboljsanju-kakovosti-in-ucinkovitosti-izobrazevanja-in-ucenja\/\"><i class=\"fas fa-link\"><\/i><\/a>\r\n      <\/div>\r\n      <div class=\"portfolio-content\">\r\n         <div class=\"content-inner\">\r\n            <div class=\"portfolio-meta\"><\/div>\r\n            <h3 class=\"title\"><a href=\"https:\/\/decap-he.si\/en\/galerije\/foto-simpozij-o-izboljsanju-kakovosti-in-ucinkovitosti-izobrazevanja-in-ucenja\/\">PHOTO: Symposium on improving the quality and effectiveness of education and learning<\/a><\/h3> \r\n         <\/div>    \r\n      <\/div>   \r\n   <\/div>\r\n<\/div>\r\n\r\n        <\/div>\r\n    <\/div>\r\n            <div class=\"pagination\">\r\n                    <\/div>\r\n      <\/div>\r\n  <\/div>\t\t<\/div>\n\t\t\t\t<\/div>\n\t\t\t\t\t<\/div>\n\t\t<\/div>\n\t\t\t\t\t<\/div>\n\t\t<\/section>\n\t\t\t\t<\/div>","protected":false},"excerpt":{"rendered":"<p>All Graphic Design Branding Branding Cloaking &#038; Doorway Pages Design Developing a strategy Graphic VR Solution Development Design Marketing Strategy Branding Hosting Website Rank Graphic Harnessing automation 12<\/p>","protected":false},"author":1,"featured_media":0,"parent":0,"menu_order":0,"comment_status":"closed","ping_status":"closed","template":"","meta":{"_acf_changed":false,"footnotes":""},"class_list":["post-2415","page","type-page","status-publish","hentry"],"acf":[],"wpcf_dashboard":"<div class=\"woocommerce\"><div class=\"woocommerce-info\">Please log in first? <a class=\"wpneoShowLogin\" href=\"#\">Click here to login<\/a><\/div><div class=\"wpneo_login_form_div\" style=\"display: none;\"><form name=\"loginform\" id=\"loginform\" action=\"https:\/\/decap-he.si\/wp-login.php\" method=\"post\"><p class=\"login-username\">\n\t\t\t\t<label for=\"user_login\">Username or Email Address<\/label>\n\t\t\t\t<input type=\"text\" name=\"log\" id=\"user_login\" autocomplete=\"username\" class=\"input\" value=\"\" size=\"20\" \/>\n\t\t\t<\/p><p class=\"login-password\">\n\t\t\t\t<label for=\"user_pass\">Password<\/label>\n\t\t\t\t<input type=\"password\" name=\"pwd\" id=\"user_pass\" autocomplete=\"current-password\" spellcheck=\"false\" class=\"input\" value=\"\" size=\"20\" \/>\n\t\t\t<\/p><p class=\"login-remember\"><label><input name=\"rememberme\" type=\"checkbox\" id=\"rememberme\" value=\"forever\" \/> Remember Me<\/label><\/p><p class=\"login-submit\">\n\t\t\t\t<input type=\"submit\" name=\"wp-submit\" id=\"wp-submit\" class=\"button button-primary\" value=\"Log In\" \/>\n\t\t\t\t<input type=\"hidden\" name=\"redirect_to\" value=\"https:\/\/decap-he.si\/en\/wp-json\/wp\/v2\/pages\/2415\" \/>\n\t\t\t<\/p><\/form><\/div><\/div>","_links":{"self":[{"href":"https:\/\/decap-he.si\/en\/wp-json\/wp\/v2\/pages\/2415","targetHints":{"allow":["GET"]}}],"collection":[{"href":"https:\/\/decap-he.si\/en\/wp-json\/wp\/v2\/pages"}],"about":[{"href":"https:\/\/decap-he.si\/en\/wp-json\/wp\/v2\/types\/page"}],"author":[{"embeddable":true,"href":"https:\/\/decap-he.si\/en\/wp-json\/wp\/v2\/users\/1"}],"replies":[{"embeddable":true,"href":"https:\/\/decap-he.si\/en\/wp-json\/wp\/v2\/comments?post=2415"}],"version-history":[{"count":0,"href":"https:\/\/decap-he.si\/en\/wp-json\/wp\/v2\/pages\/2415\/revisions"}],"wp:attachment":[{"href":"https:\/\/decap-he.si\/en\/wp-json\/wp\/v2\/media?parent=2415"}],"curies":[{"name":"wp","href":"https:\/\/api.w.org\/{rel}","templated":true}]}}