{"id":7249,"date":"2020-03-23T02:00:39","date_gmt":"2020-03-23T02:00:39","guid":{"rendered":"https:\/\/www.gavias-theme.com\/wp\/krowd\/?page_id=7249"},"modified":"2024-11-26T09:05:37","modified_gmt":"2024-11-26T09:05:37","slug":"pricing","status":"publish","type":"page","link":"https:\/\/decap-he.si\/en\/pricing\/","title":{"rendered":"Kako \u0161tudirati?"},"content":{"rendered":"<div data-elementor-type=\"wp-page\" data-elementor-id=\"7249\" class=\"elementor elementor-7249\" data-elementor-post-type=\"page\">\n\t\t\t\t\t\t<section class=\"elementor-section elementor-top-section elementor-element elementor-element-c597a3c elementor-section-boxed elementor-section-height-default elementor-section-height-default\" data-id=\"c597a3c\" data-element_type=\"section\" data-settings=\"{&quot;_ha_eqh_enable&quot;:false}\">\n\t\t\t\t\t\t<div class=\"elementor-container elementor-column-gap-default\">\n\t\t\t\t\t<div class=\"elementor-column elementor-col-100 elementor-top-column elementor-element elementor-element-1b46318 column-style-top\" data-id=\"1b46318\" data-element_type=\"column\">\n\t\t\t<div class=\"elementor-widget-wrap elementor-element-populated\">\n\t\t\t\t\t\t<div class=\"elementor-element elementor-element-2d2594b elementor-widget elementor-widget-heading\" data-id=\"2d2594b\" data-element_type=\"widget\" data-widget_type=\"heading.default\">\n\t\t\t\t<div class=\"elementor-widget-container\">\n\t\t\t<h2 class=\"elementor-heading-title elementor-size-default\">Serija predavanj za bolj u\u010dinkovito u\u010denje<\/h2>\t\t<\/div>\n\t\t\t\t<\/div>\n\t\t\t\t\t<\/div>\n\t\t<\/div>\n\t\t\t\t\t<\/div>\n\t\t<\/section>\n\t\t\t\t<section class=\"elementor-section elementor-top-section elementor-element elementor-element-7c19 elementor-section-boxed elementor-section-height-default elementor-section-height-default\" data-id=\"7c19\" data-element_type=\"section\" data-settings=\"{&quot;background_background&quot;:&quot;classic&quot;,&quot;_ha_eqh_enable&quot;:false}\">\n\t\t\t\t\t\t<div class=\"elementor-container elementor-column-gap-default\">\n\t\t\t\t\t<div class=\"elementor-column elementor-col-100 elementor-top-column elementor-element elementor-element-f60 column-style-top\" data-id=\"f60\" data-element_type=\"column\">\n\t\t\t<div class=\"elementor-widget-wrap elementor-element-populated\">\n\t\t\t\t\t\t<section class=\"elementor-section elementor-inner-section elementor-element elementor-element-67f4 elementor-section-boxed elementor-section-height-default elementor-section-height-default\" data-id=\"67f4\" data-element_type=\"section\" data-settings=\"{&quot;_ha_eqh_enable&quot;:false}\">\n\t\t\t\t\t\t<div class=\"elementor-container elementor-column-gap-default\">\n\t\t\t\t\t<div class=\"elementor-column elementor-col-33 elementor-inner-column elementor-element elementor-element-15eb column-style-top\" data-id=\"15eb\" data-element_type=\"column\">\n\t\t\t<div class=\"elementor-widget-wrap elementor-element-populated\">\n\t\t\t\t\t\t<div class=\"elementor-element elementor-element-53a elementor-widget elementor-widget-gva-pricing-block\" data-id=\"53a\" data-element_type=\"widget\" data-widget_type=\"gva-pricing-block.default\">\n\t\t\t\t<div class=\"elementor-widget-container\">\n\t\t\t<div class=\"gva-element-gva-pricing-block gva-element\">   \r\n   <div class=\"widget gsc-pricing style-1\">\r\n      <div class=\"content-inner\">\r\n       \r\n                     <h3 class=\"title\">\r\n               <span>2. del<\/span>\r\n            <\/h3>\r\n                 \r\n         <div class=\"plan-price\">\r\n            <div class=\"price-value clearfix\">\r\n               <span class=\"currency\">Lokacija Ljubljana<\/span><span class=\"value\"><\/span>\r\n            <\/div>\r\n            <div class=\"interval\">Iz vsebine:<\/div>\r\n         <\/div>\r\n\r\n                     <ul class=\"plan-list\">\r\n                                                   <li>\r\n                     <span class=\"text\">Priprava na u\u010denje<\/span>\r\n                                       <\/li>  \r\n                                                   <li>\r\n                     <span class=\"text\">Kompetence za 21. stoletje<\/span>\r\n                                       <\/li>  \r\n                                                   <li>\r\n                     <span class=\"text\">Kompetenca u\u010denje u\u010denja<\/span>\r\n                                       <\/li>  \r\n                                                   <li>\r\n                     <span class=\"text\">Kreativnost<\/span>\r\n                                       <\/li>  \r\n                           <\/ul>\r\n            \r\n\r\n\r\n                     <div class=\"pricing-action\">\r\n                       <a href=\"https:\/\/vimeo.com\/1033379454\/d2a26268d0?share=copy\" class=\"btn-theme\">\r\n          <span>Posnetek, 22. 11. 2024<\/span>\r\n        <\/a>\r\n\r\n                    <\/div>\r\n               <\/div>\r\n   <\/div>\r\n\r\n   <div class=\"clearfix\"><\/div>\r\n\r\n<\/div>\t\t<\/div>\n\t\t\t\t<\/div>\n\t\t\t\t\t<\/div>\n\t\t<\/div>\n\t\t\t\t<div class=\"elementor-column elementor-col-33 elementor-inner-column elementor-element elementor-element-71e1 column-style-top\" data-id=\"71e1\" data-element_type=\"column\">\n\t\t\t<div class=\"elementor-widget-wrap elementor-element-populated\">\n\t\t\t\t\t\t<div class=\"elementor-element elementor-element-1f48 elementor-widget elementor-widget-gva-pricing-block\" data-id=\"1f48\" data-element_type=\"widget\" data-widget_type=\"gva-pricing-block.default\">\n\t\t\t\t<div class=\"elementor-widget-container\">\n\t\t\t<div class=\"gva-element-gva-pricing-block gva-element\">   \r\n   <div class=\"widget gsc-pricing style-1\">\r\n      <div class=\"content-inner\">\r\n       \r\n                     <h3 class=\"title\">\r\n               <span>1. del<\/span>\r\n            <\/h3>\r\n                 \r\n         <div class=\"plan-price\">\r\n            <div class=\"price-value clearfix\">\r\n               <span class=\"currency\">Lokacija Maribor   <\/span><span class=\"value\"><\/span>\r\n            <\/div>\r\n            <div class=\"interval\">Iz vsebine:<\/div>\r\n         <\/div>\r\n\r\n                     <ul class=\"plan-list\">\r\n                                                   <li>\r\n                     <span class=\"text\">Kako se u\u010diti<\/span>\r\n                                       <\/li>  \r\n                                                   <li>\r\n                     <span class=\"text\">Kako si olaj\u0161ati u\u010denje<\/span>\r\n                                       <\/li>  \r\n                                                   <li>\r\n                     <span class=\"text\">V harmoniji s svojimi mo\u017egani<\/span>\r\n                                       <\/li>  \r\n                                                   <li>\r\n                     <span class=\"text\">Priprava na uspeh<\/span>\r\n                                       <\/li>  \r\n                                                   <li>\r\n                     <span class=\"text\">U\u010dne strategije in katera vam ustreza<\/span>\r\n                                       <\/li>  \r\n                           <\/ul>\r\n            \r\n\r\n\r\n                     <div class=\"pricing-action\">\r\n                       <a href=\"https:\/\/vimeo.com\/1033379412\/0d8e4a16a0?share=copy\" class=\"btn-theme\">\r\n          <span>Posnetek, 9. 10. 2024<\/span>\r\n        <\/a>\r\n\r\n                    <\/div>\r\n               <\/div>\r\n   <\/div>\r\n\r\n   <div class=\"clearfix\"><\/div>\r\n\r\n<\/div>\t\t<\/div>\n\t\t\t\t<\/div>\n\t\t\t\t\t<\/div>\n\t\t<\/div>\n\t\t\t\t<div class=\"elementor-column elementor-col-33 elementor-inner-column elementor-element elementor-element-25c7 column-style-top\" data-id=\"25c7\" data-element_type=\"column\">\n\t\t\t<div class=\"elementor-widget-wrap\">\n\t\t\t\t\t\t\t<\/div>\n\t\t<\/div>\n\t\t\t\t\t<\/div>\n\t\t<\/section>\n\t\t\t\t\t<\/div>\n\t\t<\/div>\n\t\t\t\t\t<\/div>\n\t\t<\/section>\n\t\t\t\t<\/div>","protected":false},"excerpt":{"rendered":"<p>Serija predavanj za bolj u\u010dinkovito u\u010denje 2. del Lokacija Ljubljana Iz vsebine: Priprava na u\u010denje Kompetence za 21. stoletje Kompetenca u\u010denje u\u010denja Kreativnost Posnetek, 22. 11. 2024 1. del Lokacija [&hellip;]<\/p>","protected":false},"author":1,"featured_media":0,"parent":0,"menu_order":0,"comment_status":"closed","ping_status":"closed","template":"","meta":{"_acf_changed":false,"footnotes":""},"class_list":["post-7249","page","type-page","status-publish","hentry"],"acf":[],"wpcf_dashboard":"<div class=\"woocommerce\"><div class=\"woocommerce-info\">Please log in first? <a class=\"wpneoShowLogin\" href=\"#\">Click here to login<\/a><\/div><div class=\"wpneo_login_form_div\" style=\"display: none;\"><form name=\"loginform\" id=\"loginform\" action=\"https:\/\/decap-he.si\/wp-login.php\" method=\"post\"><p class=\"login-username\">\n\t\t\t\t<label for=\"user_login\">Username or Email Address<\/label>\n\t\t\t\t<input type=\"text\" name=\"log\" id=\"user_login\" autocomplete=\"username\" class=\"input\" value=\"\" size=\"20\" \/>\n\t\t\t<\/p><p class=\"login-password\">\n\t\t\t\t<label for=\"user_pass\">Password<\/label>\n\t\t\t\t<input type=\"password\" name=\"pwd\" id=\"user_pass\" autocomplete=\"current-password\" spellcheck=\"false\" class=\"input\" value=\"\" size=\"20\" \/>\n\t\t\t<\/p><p class=\"login-remember\"><label><input name=\"rememberme\" type=\"checkbox\" id=\"rememberme\" value=\"forever\" \/> Remember Me<\/label><\/p><p class=\"login-submit\">\n\t\t\t\t<input type=\"submit\" name=\"wp-submit\" id=\"wp-submit\" class=\"button button-primary\" value=\"Log In\" \/>\n\t\t\t\t<input type=\"hidden\" name=\"redirect_to\" value=\"https:\/\/decap-he.si\/en\/wp-json\/wp\/v2\/pages\/7249\" \/>\n\t\t\t<\/p><\/form><\/div><\/div>","_links":{"self":[{"href":"https:\/\/decap-he.si\/en\/wp-json\/wp\/v2\/pages\/7249","targetHints":{"allow":["GET"]}}],"collection":[{"href":"https:\/\/decap-he.si\/en\/wp-json\/wp\/v2\/pages"}],"about":[{"href":"https:\/\/decap-he.si\/en\/wp-json\/wp\/v2\/types\/page"}],"author":[{"embeddable":true,"href":"https:\/\/decap-he.si\/en\/wp-json\/wp\/v2\/users\/1"}],"replies":[{"embeddable":true,"href":"https:\/\/decap-he.si\/en\/wp-json\/wp\/v2\/comments?post=7249"}],"version-history":[{"count":46,"href":"https:\/\/decap-he.si\/en\/wp-json\/wp\/v2\/pages\/7249\/revisions"}],"predecessor-version":[{"id":11096,"href":"https:\/\/decap-he.si\/en\/wp-json\/wp\/v2\/pages\/7249\/revisions\/11096"}],"wp:attachment":[{"href":"https:\/\/decap-he.si\/en\/wp-json\/wp\/v2\/media?parent=7249"}],"curies":[{"name":"wp","href":"https:\/\/api.w.org\/{rel}","templated":true}]}}