{"id":9823,"date":"2022-10-12T10:45:11","date_gmt":"2022-10-12T10:45:11","guid":{"rendered":"https:\/\/decap-he.si\/?page_id=9823"},"modified":"2024-10-12T07:19:16","modified_gmt":"2024-10-12T07:19:16","slug":"o-projektu","status":"publish","type":"page","link":"https:\/\/decap-he.si\/en\/o-projektu\/","title":{"rendered":"About project"},"content":{"rendered":"<div data-elementor-type=\"wp-post\" data-elementor-id=\"9823\" class=\"elementor elementor-9823\" data-elementor-post-type=\"page\">\n\t\t\t\t\t\t<section class=\"elementor-section elementor-top-section elementor-element elementor-element-f128c41 elementor-section-boxed elementor-section-height-default elementor-section-height-default\" data-id=\"f128c41\" data-element_type=\"section\" data-settings=\"{&quot;_ha_eqh_enable&quot;:false}\">\n\t\t\t\t\t\t<div class=\"elementor-container elementor-column-gap-default\">\n\t\t\t\t\t<div class=\"elementor-column elementor-col-50 elementor-top-column elementor-element elementor-element-da40339 column-style-top\" data-id=\"da40339\" data-element_type=\"column\">\n\t\t\t<div class=\"elementor-widget-wrap elementor-element-populated\">\n\t\t\t\t\t\t<div class=\"elementor-element elementor-element-f41a7c5 elementor-widget elementor-widget-gva-heading-block\" data-id=\"f41a7c5\" data-element_type=\"widget\" data-widget_type=\"gva-heading-block.default\">\n\t\t\t\t<div class=\"elementor-widget-container\">\n\t\t\t<div class=\"gva-element-gva-heading-block gva-element\">   <div class=\"align-left style-1 widget gsc-heading box-align-left\">\r\n      <div class=\"content-inner\">\r\n         \r\n                  \r\n                     <div class=\"clearfix\"><div class=\"sub-title highlight-dot\"><span>CPDR<\/span><\/div><\/div>\r\n           \r\n         \r\n                     <h2 class=\"title\">\r\n               <span>Center za pedago\u0161ko-didakti\u010dni razvoj in podporo u\u010diteljem<\/span>\r\n            <\/h2>\r\n                              <div class=\"title-desc\"><p>Naloge CPDR:<\/p><p>- v redni komunikaciji z referatom in projektno pisarno,<\/p><p>- vodimo in uvajamo pedago\u0161ke projekte in novosti visoko\u0161olske didaktike,<\/p><p>- sodelovanje z u\u010ditelji in predstojniki,<\/p><p>- sodelovanje pri katedrah,<\/p><p>- sodelovanje pri oblikovanju standardov in izvajanj pedago\u0161kih programov,<\/p><p>- organizacija in izvajanje pedago\u0161kih sre\u010danj Pedago\u0161ki pogovori,<\/p><p>- izvajanje pedago\u0161ko-didakti\u010dnih izobra\u017eevanj,<\/p><p>- pomo\u010d u\u010diteljem,<\/p><p>- sodelovanje s \u0161tudenti,<\/p><p>- individualno prilagojeno svetovanje.<\/p><p>Namen:<\/p><p>- ustvarjati pozitivno, enotno in koherentno pedago\u0161ko klimo med pedago\u0161kim osebjem,<\/p><p>- ustvarjati konsistentno pedago\u0161ko dr\u017eo Univerze Alma Mater Europaea,<\/p><p>- pedago\u0161ko-didakti\u010dna pomo\u010d.<\/p><\/div>\r\n         \r\n         \r\n      <\/div>\r\n   <\/div>\r\n   <div class=\"clearfix\"><\/div>\r\n<\/div>\t\t<\/div>\n\t\t\t\t<\/div>\n\t\t\t\t<div class=\"elementor-element elementor-element-2208af0 elementor-widget elementor-widget-heading\" data-id=\"2208af0\" data-element_type=\"widget\" data-widget_type=\"heading.default\">\n\t\t\t\t<div class=\"elementor-widget-container\">\n\t\t\t<h3 class=\"elementor-heading-title elementor-size-default\">Aktivnosti v \u0161tudijskem letu 2024\/25<\/h3>\t\t<\/div>\n\t\t\t\t<\/div>\n\t\t\t\t<div class=\"elementor-element elementor-element-e9df4fb elementor-widget elementor-widget-text-editor\" data-id=\"e9df4fb\" data-element_type=\"widget\" data-widget_type=\"text-editor.default\">\n\t\t\t\t<div class=\"elementor-widget-container\">\n\t\t\t\t\t\t\t<ul><li>Izobra\u017eevanja za pedago\u0161ki kader,<\/li><li>Izobra\u017eevanja za \u0161tudente \u2013 Kako \u0161tudirati? (1x mese\u010dno),<\/li><li>Mese\u010dna pedago\u0161ka sre\u010danja \u2013 Pedago\u0161ke urice,<\/li><li>Izobra\u017eevanja za Erasmus+ \u0161tudente,<\/li><li>Izobra\u017eevanja po va\u0161i meri (npr. urejanje spletnih u\u010dilnic, kako posneti uvodni video,\u2026),<\/li><li>Individualno svetovanje in pomo\u010d,<\/li><li>Priprava in vklju\u010devanje v projekte,<\/li><li>Pomo\u010d pri oblikovanju Izvedbenih na\u010drtov predmeta \u2013 obvezno pred za\u010detkom izvajanja (nosilec predmeta), nalo\u017eiti v spletno u\u010dilnico&#8230;<\/li><\/ul>\t\t\t\t\t\t<\/div>\n\t\t\t\t<\/div>\n\t\t\t\t<div class=\"elementor-element elementor-element-401a2a1 elementor-widget elementor-widget-text-editor\" data-id=\"401a2a1\" data-element_type=\"widget\" data-widget_type=\"text-editor.default\">\n\t\t\t\t<div class=\"elementor-widget-container\">\n\t\t\t\t\t\t\t<p><a href=\"http:\/\/www.in.almamater.si\">Izvedbeni na\u010drt predmeta<\/a><\/p>\t\t\t\t\t\t<\/div>\n\t\t\t\t<\/div>\n\t\t\t\t\t<\/div>\n\t\t<\/div>\n\t\t\t\t<div class=\"elementor-column elementor-col-50 elementor-top-column elementor-element elementor-element-e16a6ae column-style-top\" data-id=\"e16a6ae\" data-element_type=\"column\">\n\t\t\t<div class=\"elementor-widget-wrap elementor-element-populated\">\n\t\t\t\t\t\t\t<\/div>\n\t\t<\/div>\n\t\t\t\t\t<\/div>\n\t\t<\/section>\n\t\t\t\t<section class=\"elementor-section elementor-top-section elementor-element elementor-element-2f0e elementor-section-boxed elementor-section-height-default elementor-section-height-default\" data-id=\"2f0e\" data-element_type=\"section\" data-settings=\"{&quot;background_background&quot;:&quot;classic&quot;,&quot;_ha_eqh_enable&quot;:false}\">\n\t\t\t\t\t\t<div class=\"elementor-container elementor-column-gap-default\">\n\t\t\t\t\t<div class=\"elementor-column elementor-col-100 elementor-top-column elementor-element elementor-element-1109 column-style-top\" data-id=\"1109\" data-element_type=\"column\">\n\t\t\t<div class=\"elementor-widget-wrap elementor-element-populated\">\n\t\t\t\t\t\t<div class=\"elementor-element elementor-element-2210 elementor-widget elementor-widget-gva-heading-block\" data-id=\"2210\" data-element_type=\"widget\" data-widget_type=\"gva-heading-block.default\">\n\t\t\t\t<div class=\"elementor-widget-container\">\n\t\t\t<div class=\"gva-element-gva-heading-block gva-element\">   <div class=\"align-center style-1 widget gsc-heading box-align-left\">\r\n      <div class=\"content-inner\">\r\n         \r\n                  \r\n                     <div class=\"clearfix\"><div class=\"sub-title\"><span>The shape of higher education<\/span><\/div><\/div>\r\n           \r\n         \r\n                     <h2 class=\"title\">\r\n               <span>Competence through active participation\n<\/span>\r\n            <\/h2>\r\n                  \r\n         \r\n      <\/div>\r\n   <\/div>\r\n   <div class=\"clearfix\"><\/div>\r\n<\/div>\t\t<\/div>\n\t\t\t\t<\/div>\n\t\t\t\t\t<\/div>\n\t\t<\/div>\n\t\t\t\t\t<\/div>\n\t\t<\/section>\n\t\t\t\t<\/div>","protected":false},"excerpt":{"rendered":"<p>CPDR Center za pedago\u0161ko-didakti\u010dni razvoj in podporo u\u010diteljem Naloge CPDR: &#8211; v redni komunikaciji z referatom in projektno pisarno, &#8211; vodimo in uvajamo pedago\u0161ke projekte in novosti visoko\u0161olske didaktike, &#8211; [&hellip;]<\/p>","protected":false},"author":2,"featured_media":0,"parent":0,"menu_order":0,"comment_status":"closed","ping_status":"closed","template":"","meta":{"_acf_changed":false,"footnotes":""},"class_list":["post-9823","page","type-page","status-publish","hentry"],"acf":[],"wpcf_dashboard":"<div class=\"woocommerce\"><div class=\"woocommerce-info\">Please log in first? <a class=\"wpneoShowLogin\" href=\"#\">Click here to login<\/a><\/div><div class=\"wpneo_login_form_div\" style=\"display: none;\"><form name=\"loginform\" id=\"loginform\" action=\"https:\/\/decap-he.si\/wp-login.php\" method=\"post\"><p class=\"login-username\">\n\t\t\t\t<label for=\"user_login\">Username or Email Address<\/label>\n\t\t\t\t<input type=\"text\" name=\"log\" id=\"user_login\" autocomplete=\"username\" class=\"input\" value=\"\" size=\"20\" \/>\n\t\t\t<\/p><p class=\"login-password\">\n\t\t\t\t<label for=\"user_pass\">Password<\/label>\n\t\t\t\t<input type=\"password\" name=\"pwd\" id=\"user_pass\" autocomplete=\"current-password\" spellcheck=\"false\" class=\"input\" value=\"\" size=\"20\" \/>\n\t\t\t<\/p><p class=\"login-remember\"><label><input name=\"rememberme\" type=\"checkbox\" id=\"rememberme\" value=\"forever\" \/> Remember Me<\/label><\/p><p class=\"login-submit\">\n\t\t\t\t<input type=\"submit\" name=\"wp-submit\" id=\"wp-submit\" class=\"button button-primary\" value=\"Log In\" \/>\n\t\t\t\t<input type=\"hidden\" name=\"redirect_to\" value=\"https:\/\/decap-he.si\/en\/wp-json\/wp\/v2\/pages\/9823\" \/>\n\t\t\t<\/p><\/form><\/div><\/div>","_links":{"self":[{"href":"https:\/\/decap-he.si\/en\/wp-json\/wp\/v2\/pages\/9823","targetHints":{"allow":["GET"]}}],"collection":[{"href":"https:\/\/decap-he.si\/en\/wp-json\/wp\/v2\/pages"}],"about":[{"href":"https:\/\/decap-he.si\/en\/wp-json\/wp\/v2\/types\/page"}],"author":[{"embeddable":true,"href":"https:\/\/decap-he.si\/en\/wp-json\/wp\/v2\/users\/2"}],"replies":[{"embeddable":true,"href":"https:\/\/decap-he.si\/en\/wp-json\/wp\/v2\/comments?post=9823"}],"version-history":[{"count":50,"href":"https:\/\/decap-he.si\/en\/wp-json\/wp\/v2\/pages\/9823\/revisions"}],"predecessor-version":[{"id":11030,"href":"https:\/\/decap-he.si\/en\/wp-json\/wp\/v2\/pages\/9823\/revisions\/11030"}],"wp:attachment":[{"href":"https:\/\/decap-he.si\/en\/wp-json\/wp\/v2\/media?parent=9823"}],"curies":[{"name":"wp","href":"https:\/\/api.w.org\/{rel}","templated":true}]}}