{"id":9830,"date":"2022-10-12T10:52:40","date_gmt":"2022-10-12T10:52:40","guid":{"rendered":"https:\/\/decap-he.si\/?page_id=9830"},"modified":"2023-01-09T10:08:45","modified_gmt":"2023-01-09T10:08:45","slug":"aktivnosti","status":"publish","type":"page","link":"https:\/\/decap-he.si\/en\/aktivnosti\/","title":{"rendered":"Activities"},"content":{"rendered":"<div data-elementor-type=\"wp-post\" data-elementor-id=\"9830\" class=\"elementor elementor-9830\" data-elementor-post-type=\"page\">\n\t\t\t\t\t\t<section class=\"elementor-section elementor-top-section elementor-element elementor-element-f128c41 elementor-section-boxed elementor-section-height-default elementor-section-height-default\" data-id=\"f128c41\" data-element_type=\"section\" data-settings=\"{&quot;_ha_eqh_enable&quot;:false}\">\n\t\t\t\t\t\t<div class=\"elementor-container elementor-column-gap-default\">\n\t\t\t\t\t<div class=\"elementor-column elementor-col-100 elementor-top-column elementor-element elementor-element-da40339 column-style-top\" data-id=\"da40339\" data-element_type=\"column\">\n\t\t\t<div class=\"elementor-widget-wrap elementor-element-populated\">\n\t\t\t\t\t\t<div class=\"elementor-element elementor-element-f41a7c5 elementor-widget elementor-widget-gva-heading-block\" data-id=\"f41a7c5\" data-element_type=\"widget\" data-widget_type=\"gva-heading-block.default\">\n\t\t\t\t<div class=\"elementor-widget-container\">\n\t\t\t<div class=\"gva-element-gva-heading-block gva-element\">   <div class=\"align-left style-1 widget gsc-heading box-align-left\">\r\n      <div class=\"content-inner\">\r\n         \r\n                  \r\n           \r\n         \r\n                     <h2 class=\"title\">\r\n               <span>Activities and events<\/span>\r\n            <\/h2>\r\n                              <div class=\"title-desc\"><p style=\"text-align: justify;\"><span style=\"font-weight: 400;\">Follow our planned activities in the coming months and those we have already carried out so far.<\/span><\/p><\/div>\r\n         \r\n         \r\n      <\/div>\r\n   <\/div>\r\n   <div class=\"clearfix\"><\/div>\r\n<\/div>\t\t<\/div>\n\t\t\t\t<\/div>\n\t\t\t\t\t<\/div>\n\t\t<\/div>\n\t\t\t\t\t<\/div>\n\t\t<\/section>\n\t\t\t\t<section class=\"elementor-section elementor-top-section elementor-element elementor-element-c86b617 elementor-section-boxed elementor-section-height-default elementor-section-height-default\" data-id=\"c86b617\" data-element_type=\"section\" data-settings=\"{&quot;_ha_eqh_enable&quot;:false}\">\n\t\t\t\t\t\t<div class=\"elementor-container elementor-column-gap-default\">\n\t\t\t\t\t<div class=\"elementor-column elementor-col-100 elementor-top-column elementor-element elementor-element-c0c99ca column-style-top\" data-id=\"c0c99ca\" data-element_type=\"column\">\n\t\t\t<div class=\"elementor-widget-wrap elementor-element-populated\">\n\t\t\t\t\t\t<div class=\"elementor-element elementor-element-7bbd53c elementor-widget elementor-widget-gva-events\" data-id=\"7bbd53c\" data-element_type=\"widget\" data-widget_type=\"gva-events.default\">\n\t\t\t\t<div class=\"elementor-widget-container\">\n\t\t\t<div class=\"gva-element-gva-events gva-element\">  \r\n  <div class=\"gva-give-form-grid clearfix grid-xjtk\">\r\n      <div class=\"gva-content-items\"> \r\n        <div class=\"lg-block-grid-3 md-block-grid-3 sm-block-grid-2 xs-block-grid-1 xx-block-grid-1\">\r\n          <div class=\"item-columns\">\n<div class=\"tribe-event-list-block event-grid-block clearfix\">\n\t<div class=\"tribe-event-left\">\n\t\t<div class=\"content-inner\">\n\t\t\t<div class=\"tribe-events-event-image\"><a href=\"https:\/\/decap-he.si\/en\/dogodki\/naslov\/\" tabindex=\"-1\"><img fetchpriority=\"high\" decoding=\"async\" width=\"640\" height=\"550\" src=\"https:\/\/decap-he.si\/wp-content\/uploads\/2023\/02\/20230209_085959-640x550.jpg\" class=\"attachment-krowd_medium size-krowd_medium wp-post-image\" alt=\"\" \/><\/a><\/div>\t\t\t<div class=\"tribe-start-date\">\n\t\t\t\t<div class=\"day\">18<\/div>\n\t\t\t\t<div class=\"month\">Sep<\/div>\n\t\t\t<\/div>\n\t\t\t\t\t<\/div>\t\n\t<\/div>\n\n\t<div class=\"tribe-event-right clearfix\">\n\t\t<div class=\"content-inner\">\n\t\t\t\n\t\t\t<!-- Event Meta -->\n\t\t\t<div class=\"tribe-events-event-meta\">\n\t\t\t\t<div class=\"author  location\">\n\n\t\t\t\t\t<!-- Schedule & Recurrence Details -->\n\t\t\t\t\t<span class=\"tribe-event-schedule-details\">\n\t\t\t\t\t\t<span class=\"icon\"><i class=\"far fa-clock\"><\/i><\/span><span class=\"tribe-event-date-start\">September 18, 2024<\/span>\t\t\t\t\t<\/span>\n\n\t\t\t\t\t\t\t\t\t\t\t<!-- Venue Display Info -->\n\t\t\t\t\t\t<span class=\"tribe-events-venue-details\">\n\t\t\t\t\t\t\t<span class=\"icon\"><i class=\"fas fa-map-marker-alt\"><\/i><\/span>\n\t\t\t\t\t\t\t\n\n\n\n\n\n\n\n\t\t\t\t\t\t<\/span> \n\t\t\t\t\t\n\t\t\t\t<\/div>\n\t\t\t<\/div>\n\n\t\t\t<!-- Event Title -->\n\t\t\t<h3 class=\"tribe-events-list-event-title\">\n\t\t\t\t<a class=\"tribe-event-url\" href=\"https:\/\/decap-he.si\/en\/dogodki\/naslov\/\" title=\"naslov\" rel=\"bookmark\">\n\t\t\t\t\tnaslov\t\t\t\t<\/a>\n\t\t\t<\/h3>\n\n\t\t\t<!-- Event Content -->\n\t\t\t<div class=\"entry-summary\">\n\t\t\t\t\t\t\t<\/div>\n\n\t\t\t<\/div>\n\n\t\t\t<div class=\"event-action\">\n\t\t\t\t<a class=\"btn-theme\" href=\"https:\/\/decap-he.si\/en\/dogodki\/naslov\/\"><span>Join Event<\/span><\/a>\n\t\t\t<\/div>\n\t<\/div>\n<\/div><\/div><div class=\"item-columns\">\n<div class=\"tribe-event-list-block event-grid-block clearfix\">\n\t<div class=\"tribe-event-left\">\n\t\t<div class=\"content-inner\">\n\t\t\t<div class=\"tribe-events-event-image\"><a href=\"https:\/\/decap-he.si\/en\/dogodki\/program-uvod-v-poucevanje-in-ucenje-v-visokosolskem-izobrazevanju\/\" tabindex=\"-1\"><img decoding=\"async\" width=\"640\" height=\"550\" src=\"https:\/\/decap-he.si\/wp-content\/uploads\/2023\/02\/20230209_091730-640x550.jpg\" class=\"attachment-krowd_medium size-krowd_medium wp-post-image\" alt=\"\" \/><\/a><\/div>\t\t\t<div class=\"tribe-start-date\">\n\t\t\t\t<div class=\"day\">07<\/div>\n\t\t\t\t<div class=\"month\">Feb<\/div>\n\t\t\t<\/div>\n\t\t\t\t\t<\/div>\t\n\t<\/div>\n\n\t<div class=\"tribe-event-right clearfix\">\n\t\t<div class=\"content-inner\">\n\t\t\t\n\t\t\t<!-- Event Meta -->\n\t\t\t<div class=\"tribe-events-event-meta\">\n\t\t\t\t<div class=\"author  location\">\n\n\t\t\t\t\t<!-- Schedule & Recurrence Details -->\n\t\t\t\t\t<span class=\"tribe-event-schedule-details\">\n\t\t\t\t\t\t<span class=\"icon\"><i class=\"far fa-clock\"><\/i><\/span><span class=\"tribe-event-date-start\">February 7, 2023<\/span> - <span class=\"tribe-event-date-end\">April 13, 2023<\/span>\t\t\t\t\t<\/span>\n\n\t\t\t\t\t\t\t\t\t\t\t<!-- Venue Display Info -->\n\t\t\t\t\t\t<span class=\"tribe-events-venue-details\">\n\t\t\t\t\t\t\t<span class=\"icon\"><i class=\"fas fa-map-marker-alt\"><\/i><\/span>\n\t\t\t\t\t\t\t\n\n\n\n\n\n\n\n\t\t\t\t\t\t<\/span> \n\t\t\t\t\t\n\t\t\t\t<\/div>\n\t\t\t<\/div>\n\n\t\t\t<!-- Event Title -->\n\t\t\t<h3 class=\"tribe-events-list-event-title\">\n\t\t\t\t<a class=\"tribe-event-url\" href=\"https:\/\/decap-he.si\/en\/dogodki\/program-uvod-v-poucevanje-in-ucenje-v-visokosolskem-izobrazevanju\/\" title=\"Program Introduction to Teaching and Learning in Higher Education\" rel=\"bookmark\">\n\t\t\t\t\tProgram Introduction to Teaching and Learning in Higher Education\t\t\t\t<\/a>\n\t\t\t<\/h3>\n\n\t\t\t<!-- Event Content -->\n\t\t\t<div class=\"entry-summary\">\n\t\t\t\tAs part of the project, we have initiated a program for initial didactic training of academic staff at universities and higher education institutions.\t\t\t<\/div>\n\n\t\t\t<\/div>\n\n\t\t\t<div class=\"event-action\">\n\t\t\t\t<a class=\"btn-theme\" href=\"https:\/\/decap-he.si\/en\/dogodki\/program-uvod-v-poucevanje-in-ucenje-v-visokosolskem-izobrazevanju\/\"><span>Join Event<\/span><\/a>\n\t\t\t<\/div>\n\t<\/div>\n<\/div><\/div><div class=\"item-columns\">\n<div class=\"tribe-event-list-block event-grid-block clearfix\">\n\t<div class=\"tribe-event-left\">\n\t\t<div class=\"content-inner\">\n\t\t\t<div class=\"tribe-events-event-image\"><a href=\"https:\/\/decap-he.si\/en\/dogodki\/okrogla-miza-na-norveskem\/\" tabindex=\"-1\"><img decoding=\"async\" width=\"640\" height=\"550\" src=\"https:\/\/decap-he.si\/wp-content\/uploads\/2017\/05\/20221018-015-640x550.jpg\" class=\"attachment-krowd_medium size-krowd_medium wp-post-image\" alt=\"\" \/><\/a><\/div>\t\t\t<div class=\"tribe-start-date\">\n\t\t\t\t<div class=\"day\">26<\/div>\n\t\t\t\t<div class=\"month\">Oct<\/div>\n\t\t\t<\/div>\n\t\t\t\t\t<\/div>\t\n\t<\/div>\n\n\t<div class=\"tribe-event-right clearfix\">\n\t\t<div class=\"content-inner\">\n\t\t\t\n\t\t\t<!-- Event Meta -->\n\t\t\t<div class=\"tribe-events-event-meta\">\n\t\t\t\t<div class=\"author  location\">\n\n\t\t\t\t\t<!-- Schedule & Recurrence Details -->\n\t\t\t\t\t<span class=\"tribe-event-schedule-details\">\n\t\t\t\t\t\t<span class=\"icon\"><i class=\"far fa-clock\"><\/i><\/span><span class=\"tribe-event-date-start\">October 26, 2022<\/span>\t\t\t\t\t<\/span>\n\n\t\t\t\t\t\t\t\t\t\t\t<!-- Venue Display Info -->\n\t\t\t\t\t\t<span class=\"tribe-events-venue-details\">\n\t\t\t\t\t\t\t<span class=\"icon\"><i class=\"fas fa-map-marker-alt\"><\/i><\/span>\n\t\t\t\t\t\t\t\n\n\n\n\n\n\n\n\t\t\t\t\t\t<\/span> \n\t\t\t\t\t\n\t\t\t\t<\/div>\n\t\t\t<\/div>\n\n\t\t\t<!-- Event Title -->\n\t\t\t<h3 class=\"tribe-events-list-event-title\">\n\t\t\t\t<a class=\"tribe-event-url\" href=\"https:\/\/decap-he.si\/en\/dogodki\/okrogla-miza-na-norveskem\/\" title=\"Round table in Norway\" rel=\"bookmark\">\n\t\t\t\t\tRound table in Norway\t\t\t\t<\/a>\n\t\t\t<\/h3>\n\n\t\t\t<!-- Event Content -->\n\t\t\t<div class=\"entry-summary\">\n\t\t\t\tAs part of the study visit to the H\u00f8yskolen Kristiania University, three round tables will also take place.\t\t\t<\/div>\n\n\t\t\t<\/div>\n\n\t\t\t<div class=\"event-action\">\n\t\t\t\t<a class=\"btn-theme\" href=\"https:\/\/decap-he.si\/en\/dogodki\/okrogla-miza-na-norveskem\/\"><span>Join Event<\/span><\/a>\n\t\t\t<\/div>\n\t<\/div>\n<\/div><\/div><div class=\"item-columns\">\n<div class=\"tribe-event-list-block event-grid-block clearfix\">\n\t<div class=\"tribe-event-left\">\n\t\t<div class=\"content-inner\">\n\t\t\t<div class=\"tribe-events-event-image\"><a href=\"https:\/\/decap-he.si\/en\/dogodki\/studijski-obisk-univerze-hoyskolen-kristiania\/\" tabindex=\"-1\"><img loading=\"lazy\" decoding=\"async\" width=\"640\" height=\"550\" src=\"https:\/\/decap-he.si\/wp-content\/uploads\/2022\/10\/IMG_5152-copy-640x550.jpg\" class=\"attachment-krowd_medium size-krowd_medium wp-post-image\" alt=\"\" \/><\/a><\/div>\t\t\t<div class=\"tribe-start-date\">\n\t\t\t\t<div class=\"day\">25<\/div>\n\t\t\t\t<div class=\"month\">Oct<\/div>\n\t\t\t<\/div>\n\t\t\t\t\t<\/div>\t\n\t<\/div>\n\n\t<div class=\"tribe-event-right clearfix\">\n\t\t<div class=\"content-inner\">\n\t\t\t\n\t\t\t<!-- Event Meta -->\n\t\t\t<div class=\"tribe-events-event-meta\">\n\t\t\t\t<div class=\"author  location\">\n\n\t\t\t\t\t<!-- Schedule & Recurrence Details -->\n\t\t\t\t\t<span class=\"tribe-event-schedule-details\">\n\t\t\t\t\t\t<span class=\"icon\"><i class=\"far fa-clock\"><\/i><\/span><span class=\"tribe-event-date-start\">October 25, 2022 @ 12:00 am<\/span> - <span class=\"tribe-event-date-end\">October 28, 2022 @ 12:00 am<\/span>\t\t\t\t\t<\/span>\n\n\t\t\t\t\t\t\t\t\t\t\t<!-- Venue Display Info -->\n\t\t\t\t\t\t<span class=\"tribe-events-venue-details\">\n\t\t\t\t\t\t\t<span class=\"icon\"><i class=\"fas fa-map-marker-alt\"><\/i><\/span>\n\t\t\t\t\t\t\t\n\n\n\n\n\n\n\n\t\t\t\t\t\t<\/span> \n\t\t\t\t\t\n\t\t\t\t<\/div>\n\t\t\t<\/div>\n\n\t\t\t<!-- Event Title -->\n\t\t\t<h3 class=\"tribe-events-list-event-title\">\n\t\t\t\t<a class=\"tribe-event-url\" href=\"https:\/\/decap-he.si\/en\/dogodki\/studijski-obisk-univerze-hoyskolen-kristiania\/\" title=\"Study visit to H\u00f8yskolen Kristiania University\" rel=\"bookmark\">\n\t\t\t\t\tStudy visit to H\u00f8yskolen Kristiania University\t\t\t\t<\/a>\n\t\t\t<\/h3>\n\n\t\t\t<!-- Event Content -->\n\t\t\t<div class=\"entry-summary\">\n\t\t\t\tAs part of the project Designing for increased competence through active participation in higher education (DECAP - HE), the expert team will visit our partner university.\t\t\t<\/div>\n\n\t\t\t<\/div>\n\n\t\t\t<div class=\"event-action\">\n\t\t\t\t<a class=\"btn-theme\" href=\"https:\/\/decap-he.si\/en\/dogodki\/studijski-obisk-univerze-hoyskolen-kristiania\/\"><span>Join Event<\/span><\/a>\n\t\t\t<\/div>\n\t<\/div>\n<\/div><\/div><div class=\"item-columns\">\n<div class=\"tribe-event-list-block event-grid-block clearfix\">\n\t<div class=\"tribe-event-left\">\n\t\t<div class=\"content-inner\">\n\t\t\t<div class=\"tribe-events-event-image\"><a href=\"https:\/\/decap-he.si\/en\/dogodki\/simpozij-o-izboljsanju-kakovosti-in-ucinkovitosti-izobrazevanja-in-ucenja\/\" tabindex=\"-1\"><img loading=\"lazy\" decoding=\"async\" width=\"640\" height=\"550\" src=\"https:\/\/decap-he.si\/wp-content\/uploads\/2017\/05\/20221018-006-640x550.jpg\" class=\"attachment-krowd_medium size-krowd_medium wp-post-image\" alt=\"\" \/><\/a><\/div>\t\t\t<div class=\"tribe-start-date\">\n\t\t\t\t<div class=\"day\">18<\/div>\n\t\t\t\t<div class=\"month\">Oct<\/div>\n\t\t\t<\/div>\n\t\t\t\t\t<\/div>\t\n\t<\/div>\n\n\t<div class=\"tribe-event-right clearfix\">\n\t\t<div class=\"content-inner\">\n\t\t\t\n\t\t\t<!-- Event Meta -->\n\t\t\t<div class=\"tribe-events-event-meta\">\n\t\t\t\t<div class=\"author  location\">\n\n\t\t\t\t\t<!-- Schedule & Recurrence Details -->\n\t\t\t\t\t<span class=\"tribe-event-schedule-details\">\n\t\t\t\t\t\t<span class=\"icon\"><i class=\"far fa-clock\"><\/i><\/span><span class=\"tribe-event-date-start\">October 18, 2022 @ 8:00 am<\/span> - <span class=\"tribe-event-time\">11:30 am<\/span>\t\t\t\t\t<\/span>\n\n\t\t\t\t\t\t\t\t\t\t\t<!-- Venue Display Info -->\n\t\t\t\t\t\t<span class=\"tribe-events-venue-details\">\n\t\t\t\t\t\t\t<span class=\"icon\"><i class=\"fas fa-map-marker-alt\"><\/i><\/span>\n\t\t\t\t\t\t\t\n\n\n\n\n\n\n\n\t\t\t\t\t\t<\/span> \n\t\t\t\t\t\n\t\t\t\t<\/div>\n\t\t\t<\/div>\n\n\t\t\t<!-- Event Title -->\n\t\t\t<h3 class=\"tribe-events-list-event-title\">\n\t\t\t\t<a class=\"tribe-event-url\" href=\"https:\/\/decap-he.si\/en\/dogodki\/simpozij-o-izboljsanju-kakovosti-in-ucinkovitosti-izobrazevanja-in-ucenja\/\" title=\"Symposium on improving the quality and effectiveness of education and learning\" rel=\"bookmark\">\n\t\t\t\t\tSymposium on improving the quality and effectiveness of education and learning\t\t\t\t<\/a>\n\t\t\t<\/h3>\n\n\t\t\t<!-- Event Content -->\n\t\t\t<div class=\"entry-summary\">\n\t\t\t\tAs part of the project Designing for increased competence through active participation in higher education (DECAP-HE) at Alma Mater Europaea - ECM, we will hold a symposium.\t\t\t<\/div>\n\n\t\t\t<\/div>\n\n\t\t\t<div class=\"event-action\">\n\t\t\t\t<a class=\"btn-theme\" href=\"https:\/\/decap-he.si\/en\/dogodki\/simpozij-o-izboljsanju-kakovosti-in-ucinkovitosti-izobrazevanja-in-ucenja\/\"><span>Join Event<\/span><\/a>\n\t\t\t<\/div>\n\t<\/div>\n<\/div><\/div>        <\/div>\r\n      <\/div>\r\n        <\/div>\r\n  <\/div>\t\t<\/div>\n\t\t\t\t<\/div>\n\t\t\t\t\t<\/div>\n\t\t<\/div>\n\t\t\t\t\t<\/div>\n\t\t<\/section>\n\t\t\t\t<section class=\"elementor-section elementor-top-section elementor-element elementor-element-2f0e elementor-section-boxed elementor-section-height-default elementor-section-height-default\" data-id=\"2f0e\" data-element_type=\"section\" data-settings=\"{&quot;background_background&quot;:&quot;classic&quot;,&quot;_ha_eqh_enable&quot;:false}\">\n\t\t\t\t\t\t<div class=\"elementor-container elementor-column-gap-default\">\n\t\t\t\t\t<div class=\"elementor-column elementor-col-100 elementor-top-column elementor-element elementor-element-1109 column-style-top\" data-id=\"1109\" data-element_type=\"column\">\n\t\t\t<div class=\"elementor-widget-wrap elementor-element-populated\">\n\t\t\t\t\t\t<div class=\"elementor-element elementor-element-2210 elementor-widget elementor-widget-gva-heading-block\" data-id=\"2210\" data-element_type=\"widget\" data-widget_type=\"gva-heading-block.default\">\n\t\t\t\t<div class=\"elementor-widget-container\">\n\t\t\t<div class=\"gva-element-gva-heading-block gva-element\">   <div class=\"align-center style-1 widget gsc-heading box-align-left\">\r\n      <div class=\"content-inner\">\r\n         \r\n                  \r\n                     <div class=\"clearfix\"><div class=\"sub-title\"><span>The shape of higher education<\/span><\/div><\/div>\r\n           \r\n         \r\n                     <h2 class=\"title\">\r\n               <span>Competence through active participation<\/span>\r\n            <\/h2>\r\n                  \r\n         \r\n      <\/div>\r\n   <\/div>\r\n   <div class=\"clearfix\"><\/div>\r\n<\/div>\t\t<\/div>\n\t\t\t\t<\/div>\n\t\t\t\t\t<\/div>\n\t\t<\/div>\n\t\t\t\t\t<\/div>\n\t\t<\/section>\n\t\t\t\t<\/div>","protected":false},"excerpt":{"rendered":"<p>Aktivnosti in dogodki Spremljajte na\u0161e na\u010drtovane aktivnosti v prihodnjih mesecih in tiste, ki smo jih do sedaj \u017ee izvedli. 26 Okt oktober 26, 2022 Okrogla miza na Norve\u0161kem V sklopu [&hellip;]<\/p>","protected":false},"author":2,"featured_media":0,"parent":0,"menu_order":0,"comment_status":"closed","ping_status":"closed","template":"","meta":{"_acf_changed":false,"footnotes":""},"class_list":["post-9830","page","type-page","status-publish","hentry","cat_aktivnosti"],"acf":[],"wpcf_dashboard":"<div class=\"woocommerce\"><div class=\"woocommerce-info\">Please log in first? <a class=\"wpneoShowLogin\" href=\"#\">Click here to login<\/a><\/div><div class=\"wpneo_login_form_div\" style=\"display: none;\"><form name=\"loginform\" id=\"loginform\" action=\"https:\/\/decap-he.si\/wp-login.php\" method=\"post\"><p class=\"login-username\">\n\t\t\t\t<label for=\"user_login\">Username or Email Address<\/label>\n\t\t\t\t<input type=\"text\" name=\"log\" id=\"user_login\" autocomplete=\"username\" class=\"input\" value=\"\" size=\"20\" \/>\n\t\t\t<\/p><p class=\"login-password\">\n\t\t\t\t<label for=\"user_pass\">Password<\/label>\n\t\t\t\t<input type=\"password\" name=\"pwd\" id=\"user_pass\" autocomplete=\"current-password\" spellcheck=\"false\" class=\"input\" value=\"\" size=\"20\" \/>\n\t\t\t<\/p><p class=\"login-remember\"><label><input name=\"rememberme\" type=\"checkbox\" id=\"rememberme\" value=\"forever\" \/> Remember Me<\/label><\/p><p class=\"login-submit\">\n\t\t\t\t<input type=\"submit\" name=\"wp-submit\" id=\"wp-submit\" class=\"button button-primary\" value=\"Log In\" \/>\n\t\t\t\t<input type=\"hidden\" name=\"redirect_to\" value=\"https:\/\/decap-he.si\/en\/wp-json\/wp\/v2\/pages\/9830\" \/>\n\t\t\t<\/p><\/form><\/div><\/div>","_links":{"self":[{"href":"https:\/\/decap-he.si\/en\/wp-json\/wp\/v2\/pages\/9830","targetHints":{"allow":["GET"]}}],"collection":[{"href":"https:\/\/decap-he.si\/en\/wp-json\/wp\/v2\/pages"}],"about":[{"href":"https:\/\/decap-he.si\/en\/wp-json\/wp\/v2\/types\/page"}],"author":[{"embeddable":true,"href":"https:\/\/decap-he.si\/en\/wp-json\/wp\/v2\/users\/2"}],"replies":[{"embeddable":true,"href":"https:\/\/decap-he.si\/en\/wp-json\/wp\/v2\/comments?post=9830"}],"version-history":[{"count":31,"href":"https:\/\/decap-he.si\/en\/wp-json\/wp\/v2\/pages\/9830\/revisions"}],"predecessor-version":[{"id":10172,"href":"https:\/\/decap-he.si\/en\/wp-json\/wp\/v2\/pages\/9830\/revisions\/10172"}],"wp:attachment":[{"href":"https:\/\/decap-he.si\/en\/wp-json\/wp\/v2\/media?parent=9830"}],"curies":[{"name":"wp","href":"https:\/\/api.w.org\/{rel}","templated":true}]}}