{"id":9844,"date":"2022-10-12T11:28:30","date_gmt":"2022-10-12T11:28:30","guid":{"rendered":"https:\/\/decap-he.si\/?page_id=9844"},"modified":"2024-12-09T17:53:57","modified_gmt":"2024-12-09T17:53:57","slug":"prispevki","status":"publish","type":"page","link":"https:\/\/decap-he.si\/en\/prispevki\/","title":{"rendered":"Contributions and content"},"content":{"rendered":"<div data-elementor-type=\"wp-post\" data-elementor-id=\"9844\" class=\"elementor elementor-9844\" data-elementor-post-type=\"page\">\n\t\t\t\t\t\t<section class=\"elementor-section elementor-top-section elementor-element elementor-element-f128c41 elementor-section-boxed elementor-section-height-default elementor-section-height-default\" data-id=\"f128c41\" data-element_type=\"section\" data-settings=\"{&quot;_ha_eqh_enable&quot;:false}\">\n\t\t\t\t\t\t<div class=\"elementor-container elementor-column-gap-default\">\n\t\t\t\t\t<div class=\"elementor-column elementor-col-50 elementor-top-column elementor-element elementor-element-da40339 column-style-top\" data-id=\"da40339\" data-element_type=\"column\">\n\t\t\t<div class=\"elementor-widget-wrap elementor-element-populated\">\n\t\t\t\t\t\t<div class=\"elementor-element elementor-element-f41a7c5 elementor-widget elementor-widget-gva-heading-block\" data-id=\"f41a7c5\" data-element_type=\"widget\" data-widget_type=\"gva-heading-block.default\">\n\t\t\t\t<div class=\"elementor-widget-container\">\n\t\t\t<div class=\"gva-element-gva-heading-block gva-element\">   <div class=\"align-left style-1 widget gsc-heading box-align-left\">\r\n      <div class=\"content-inner\">\r\n         \r\n                  \r\n           \r\n         \r\n                     <h2 class=\"title\">\r\n               <span>Pedago\u0161ke urice<\/span>\r\n            <\/h2>\r\n                              <div class=\"title-desc\"><p>Rezultati sre\u010danj z visoko\u0161olskimi u\u010ditelji so pokazali, da se med u\u010ditelji odpira vedno ve\u010d vpra\u0161anj, na katera ne znajo odgovoriti sami ali pa ne najdejo odgovorov v literaturi ipd.<\/p><p>Zato smo na Univerzi Alma Mater Europaea uvedli mese\u010dna sre\u010danja Pedago\u0161ki pogovori, ki se jih je prijelo novo ime Pedago\u0161ke urice. Namenjene so sre\u010devanju vseh u\u010diteljev in pedago\u0161kih sodelavcev.<\/p><p>Na pedago\u0161kih sre\u010danjih bomo:<\/p><ul><li>odgovarjali na vpra\u0161anja in dileme u\u010diteljev,<\/li><li>obdelali aktualne pedago\u0161ko-didakti\u010dne teme,<\/li><li>obravnavali online oblike u\u010denja in pou\u010devanja,<\/li><li>iskali skupne re\u0161itve za probleme in te\u017eave, ki se pojavljajo v predavalnici, online ali izven neposrednega stika s \u0161tudenti,<\/li><li>ali pa samo poklepetali drug z drugim.<\/li><\/ul><p>Na ta na\u010din bomo ustvarjali pozitivno, enotno in koherentno pedago\u0161ko klimo med pedago\u0161kim osebjem, ustvarjali konsistentno pedago\u0161ko dr\u017eo organizacije AMEU, ob enem pa dali u\u010diteljem in pedago\u0161kim sodelavcem sporo\u010dilo, da pri svojem delu niso sami in se lahko obrnejo na pedago\u0161ko-didakti\u010dno pomo\u010d in\/ali svoje kolege.<\/p><p>\u00a0<\/p><p><a href=\"https:\/\/esmsi-my.sharepoint.com\/:f:\/g\/personal\/polonca_pangrcic_almamater_si\/EmvnBYF7iw5BttOvzSVlRBEBAPMZmhMcMFVdcVZFDo-xpg?e=ejrzXf\">Arhiv Pedago\u0161kih uric 2024\/25<\/a><\/p><\/div>\r\n         \r\n         \r\n      <\/div>\r\n   <\/div>\r\n   <div class=\"clearfix\"><\/div>\r\n<\/div>\t\t<\/div>\n\t\t\t\t<\/div>\n\t\t\t\t\t<\/div>\n\t\t<\/div>\n\t\t\t\t<div class=\"elementor-column elementor-col-50 elementor-top-column elementor-element elementor-element-e16a6ae column-style-top\" data-id=\"e16a6ae\" data-element_type=\"column\">\n\t\t\t<div class=\"elementor-widget-wrap elementor-element-populated\">\n\t\t\t\t\t\t\t<\/div>\n\t\t<\/div>\n\t\t\t\t\t<\/div>\n\t\t<\/section>\n\t\t\t\t<section class=\"elementor-section elementor-top-section elementor-element elementor-element-c86b617 elementor-section-boxed elementor-section-height-default elementor-section-height-default\" data-id=\"c86b617\" data-element_type=\"section\" data-settings=\"{&quot;_ha_eqh_enable&quot;:false}\">\n\t\t\t\t\t\t<div class=\"elementor-container elementor-column-gap-default\">\n\t\t\t\t\t<div class=\"elementor-column elementor-col-100 elementor-top-column elementor-element elementor-element-56987ef column-style-top\" data-id=\"56987ef\" data-element_type=\"column\">\n\t\t\t<div class=\"elementor-widget-wrap\">\n\t\t\t\t\t\t\t<\/div>\n\t\t<\/div>\n\t\t\t\t\t<\/div>\n\t\t<\/section>\n\t\t\t\t<section class=\"elementor-section elementor-top-section elementor-element elementor-element-2f0e elementor-section-boxed elementor-section-height-default elementor-section-height-default\" data-id=\"2f0e\" data-element_type=\"section\" data-settings=\"{&quot;background_background&quot;:&quot;classic&quot;,&quot;_ha_eqh_enable&quot;:false}\">\n\t\t\t\t\t\t<div class=\"elementor-container elementor-column-gap-default\">\n\t\t\t\t\t<div class=\"elementor-column elementor-col-100 elementor-top-column elementor-element elementor-element-3016322 column-style-top\" data-id=\"3016322\" data-element_type=\"column\">\n\t\t\t<div class=\"elementor-widget-wrap\">\n\t\t\t\t\t\t\t<\/div>\n\t\t<\/div>\n\t\t\t\t\t<\/div>\n\t\t<\/section>\n\t\t\t\t<section class=\"elementor-section elementor-top-section elementor-element elementor-element-6915f74 elementor-section-boxed elementor-section-height-default elementor-section-height-default\" data-id=\"6915f74\" data-element_type=\"section\" data-settings=\"{&quot;_ha_eqh_enable&quot;:false}\">\n\t\t\t\t\t\t<div class=\"elementor-container elementor-column-gap-default\">\n\t\t\t\t\t<div class=\"elementor-column elementor-col-100 elementor-top-column elementor-element elementor-element-09b1754 column-style-top\" data-id=\"09b1754\" data-element_type=\"column\">\n\t\t\t<div class=\"elementor-widget-wrap elementor-element-populated\">\n\t\t\t\t\t\t<div class=\"elementor-element elementor-element-b2778c5 elementor-widget elementor-widget-button\" data-id=\"b2778c5\" data-element_type=\"widget\" data-widget_type=\"button.default\">\n\t\t\t\t<div class=\"elementor-widget-container\">\n\t\t\t\t\t<div class=\"elementor-button-wrapper\">\n\t\t\t<a class=\"elementor-button elementor-button-link elementor-size-sm\" href=\"#\">\n\t\t\t\t\t\t<span class=\"elementor-button-content-wrapper\">\n\t\t\t\t\t\t\t\t\t<span class=\"elementor-button-text\">Click here<\/span>\n\t\t\t\t\t<\/span>\n\t\t\t\t\t<\/a>\n\t\t<\/div>\n\t\t\t\t<\/div>\n\t\t\t\t<\/div>\n\t\t\t\t\t<\/div>\n\t\t<\/div>\n\t\t\t\t\t<\/div>\n\t\t<\/section>\n\t\t\t\t<\/div>","protected":false},"excerpt":{"rendered":"<p>Pedago\u0161ke urice Rezultati sre\u010danj z visoko\u0161olskimi u\u010ditelji so pokazali, da se med u\u010ditelji odpira vedno ve\u010d vpra\u0161anj, na katera ne znajo odgovoriti sami ali pa ne najdejo odgovorov v literaturi [&hellip;]<\/p>","protected":false},"author":2,"featured_media":0,"parent":0,"menu_order":0,"comment_status":"closed","ping_status":"closed","template":"","meta":{"_acf_changed":false,"footnotes":""},"class_list":["post-9844","page","type-page","status-publish","hentry"],"acf":[],"wpcf_dashboard":"<div class=\"woocommerce\"><div class=\"woocommerce-info\">Please log in first? <a class=\"wpneoShowLogin\" href=\"#\">Click here to login<\/a><\/div><div class=\"wpneo_login_form_div\" style=\"display: none;\"><form name=\"loginform\" id=\"loginform\" action=\"https:\/\/decap-he.si\/wp-login.php\" method=\"post\"><p class=\"login-username\">\n\t\t\t\t<label for=\"user_login\">Username or Email Address<\/label>\n\t\t\t\t<input type=\"text\" name=\"log\" id=\"user_login\" autocomplete=\"username\" class=\"input\" value=\"\" size=\"20\" \/>\n\t\t\t<\/p><p class=\"login-password\">\n\t\t\t\t<label for=\"user_pass\">Password<\/label>\n\t\t\t\t<input type=\"password\" name=\"pwd\" id=\"user_pass\" autocomplete=\"current-password\" spellcheck=\"false\" class=\"input\" value=\"\" size=\"20\" \/>\n\t\t\t<\/p><p class=\"login-remember\"><label><input name=\"rememberme\" type=\"checkbox\" id=\"rememberme\" value=\"forever\" \/> Remember Me<\/label><\/p><p class=\"login-submit\">\n\t\t\t\t<input type=\"submit\" name=\"wp-submit\" id=\"wp-submit\" class=\"button button-primary\" value=\"Log In\" \/>\n\t\t\t\t<input type=\"hidden\" name=\"redirect_to\" value=\"https:\/\/decap-he.si\/en\/wp-json\/wp\/v2\/pages\/9844\" \/>\n\t\t\t<\/p><\/form><\/div><\/div>","_links":{"self":[{"href":"https:\/\/decap-he.si\/en\/wp-json\/wp\/v2\/pages\/9844","targetHints":{"allow":["GET"]}}],"collection":[{"href":"https:\/\/decap-he.si\/en\/wp-json\/wp\/v2\/pages"}],"about":[{"href":"https:\/\/decap-he.si\/en\/wp-json\/wp\/v2\/types\/page"}],"author":[{"embeddable":true,"href":"https:\/\/decap-he.si\/en\/wp-json\/wp\/v2\/users\/2"}],"replies":[{"embeddable":true,"href":"https:\/\/decap-he.si\/en\/wp-json\/wp\/v2\/comments?post=9844"}],"version-history":[{"count":50,"href":"https:\/\/decap-he.si\/en\/wp-json\/wp\/v2\/pages\/9844\/revisions"}],"predecessor-version":[{"id":11109,"href":"https:\/\/decap-he.si\/en\/wp-json\/wp\/v2\/pages\/9844\/revisions\/11109"}],"wp:attachment":[{"href":"https:\/\/decap-he.si\/en\/wp-json\/wp\/v2\/media?parent=9844"}],"curies":[{"name":"wp","href":"https:\/\/api.w.org\/{rel}","templated":true}]}}