{"id":9846,"date":"2022-10-12T11:28:52","date_gmt":"2022-10-12T11:28:52","guid":{"rendered":"https:\/\/decap-he.si\/?page_id=9846"},"modified":"2023-01-10T12:13:08","modified_gmt":"2023-01-10T12:13:08","slug":"medijsko-sredisce","status":"publish","type":"page","link":"https:\/\/decap-he.si\/en\/medijsko-sredisce\/","title":{"rendered":"Media center"},"content":{"rendered":"<div data-elementor-type=\"wp-post\" data-elementor-id=\"9846\" class=\"elementor elementor-9846\" data-elementor-post-type=\"page\">\n\t\t\t\t\t\t<section class=\"elementor-section elementor-top-section elementor-element elementor-element-f128c41 elementor-section-boxed elementor-section-height-default elementor-section-height-default\" data-id=\"f128c41\" data-element_type=\"section\" data-settings=\"{&quot;_ha_eqh_enable&quot;:false}\">\n\t\t\t\t\t\t<div class=\"elementor-container elementor-column-gap-default\">\n\t\t\t\t\t<div class=\"elementor-column elementor-col-50 elementor-top-column elementor-element elementor-element-da40339 column-style-top\" data-id=\"da40339\" data-element_type=\"column\">\n\t\t\t<div class=\"elementor-widget-wrap elementor-element-populated\">\n\t\t\t\t\t\t<div class=\"elementor-element elementor-element-f41a7c5 elementor-widget elementor-widget-gva-heading-block\" data-id=\"f41a7c5\" data-element_type=\"widget\" data-widget_type=\"gva-heading-block.default\">\n\t\t\t\t<div class=\"elementor-widget-container\">\n\t\t\t<div class=\"gva-element-gva-heading-block gva-element\">   <div class=\"align-left style-1 widget gsc-heading box-align-left\">\r\n      <div class=\"content-inner\">\r\n         \r\n                  \r\n           \r\n         \r\n                     <h2 class=\"title\">\r\n               <span>Project in picture and video<\/span>\r\n            <\/h2>\r\n                              <div class=\"title-desc\"><p style=\"text-align: justify;\">Highlights from the project.<\/p><\/div>\r\n         \r\n         \r\n      <\/div>\r\n   <\/div>\r\n   <div class=\"clearfix\"><\/div>\r\n<\/div>\t\t<\/div>\n\t\t\t\t<\/div>\n\t\t\t\t\t<\/div>\n\t\t<\/div>\n\t\t\t\t<div class=\"elementor-column elementor-col-50 elementor-top-column elementor-element elementor-element-e16a6ae column-style-top\" data-id=\"e16a6ae\" data-element_type=\"column\">\n\t\t\t<div class=\"elementor-widget-wrap elementor-element-populated\">\n\t\t\t\t\t\t\t<\/div>\n\t\t<\/div>\n\t\t\t\t\t<\/div>\n\t\t<\/section>\n\t\t\t\t<section class=\"elementor-section elementor-top-section elementor-element elementor-element-c86b617 elementor-section-boxed elementor-section-height-default elementor-section-height-default\" data-id=\"c86b617\" data-element_type=\"section\" data-settings=\"{&quot;_ha_eqh_enable&quot;:false}\">\n\t\t\t\t\t\t<div class=\"elementor-container elementor-column-gap-default\">\n\t\t\t\t\t<div class=\"elementor-column elementor-col-100 elementor-top-column elementor-element elementor-element-c0c99ca column-style-top\" data-id=\"c0c99ca\" data-element_type=\"column\">\n\t\t\t<div class=\"elementor-widget-wrap elementor-element-populated\">\n\t\t\t\t\t\t<div class=\"elementor-element elementor-element-7f0c14d elementor-widget elementor-widget-gva-portfolio\" data-id=\"7f0c14d\" data-element_type=\"widget\" data-widget_type=\"gva-portfolio.default\">\n\t\t\t\t<div class=\"elementor-widget-container\">\n\t\t\t<div class=\"gva-element-gva-portfolio gva-element\">\r\n  <div class=\"gva-posts-grid clearfix grid-51xe\" data-filter=\"51xe\">\r\n        <div class=\"gva-content-items\"> \r\n      <div class=\"isotope-items view-portfolio lg-block-grid-3 md-block-grid-3 sm-block-grid-2 xs-block-grid-1 xx-block-grid-1\">\r\n        <div class=\"all  item-columns isotope-item\">\r\n   <div class=\"portfolio-block portfolio-v1\">      \r\n      <div class=\"images\">\r\n         <a class=\"link-image-content\" href=\"https:\/\/decap-he.si\/en\/galerije\/foto-aktivno-ucenje-s-perspektive-studentov\/\">\r\n            <img fetchpriority=\"high\" decoding=\"async\" width=\"640\" height=\"550\" src=\"https:\/\/decap-he.si\/wp-content\/uploads\/2023\/09\/20230920_125053-640x550.jpg\" class=\"attachment-krowd_medium size-krowd_medium wp-post-image\" alt=\"\" \/>         <\/a>\r\n         <a class=\"link\" href=\"https:\/\/decap-he.si\/en\/galerije\/foto-aktivno-ucenje-s-perspektive-studentov\/\"><i class=\"fas fa-link\"><\/i><\/a>\r\n      <\/div>\r\n      <div class=\"portfolio-content\">\r\n         <div class=\"content-inner\">\r\n            <div class=\"portfolio-meta\"><\/div>\r\n            <h3 class=\"title\"><a href=\"https:\/\/decap-he.si\/en\/galerije\/foto-aktivno-ucenje-s-perspektive-studentov\/\">novo<\/a><\/h3> \r\n         <\/div>    \r\n      <\/div>   \r\n   <\/div>\r\n<\/div>\r\n\r\n  <div class=\"all  item-columns isotope-item\">\r\n   <div class=\"portfolio-block portfolio-v1\">      \r\n      <div class=\"images\">\r\n         <a class=\"link-image-content\" href=\"https:\/\/decap-he.si\/en\/aktivno-ucenje-s-perspektive-studentov\/\">\r\n            <img fetchpriority=\"high\" decoding=\"async\" width=\"640\" height=\"550\" src=\"https:\/\/decap-he.si\/wp-content\/uploads\/2023\/09\/20230920_125053-640x550.jpg\" class=\"attachment-krowd_medium size-krowd_medium wp-post-image\" alt=\"\" \/>         <\/a>\r\n         <a class=\"link\" href=\"https:\/\/decap-he.si\/en\/aktivno-ucenje-s-perspektive-studentov\/\"><i class=\"fas fa-link\"><\/i><\/a>\r\n      <\/div>\r\n      <div class=\"portfolio-content\">\r\n         <div class=\"content-inner\">\r\n            <div class=\"portfolio-meta\"><\/div>\r\n            <h3 class=\"title\"><a href=\"https:\/\/decap-he.si\/en\/aktivno-ucenje-s-perspektive-studentov\/\">FOTO: Aktivno u\u010denje s perspektive \u0161tudentov<\/a><\/h3> \r\n         <\/div>    \r\n      <\/div>   \r\n   <\/div>\r\n<\/div>\r\n\r\n  <div class=\"all  item-columns isotope-item\">\r\n   <div class=\"portfolio-block portfolio-v1\">      \r\n      <div class=\"images\">\r\n         <a class=\"link-image-content\" href=\"https:\/\/decap-he.si\/en\/galerije\/uvod-v-poucevanje-ucenje-v-izobrazevanju\/\">\r\n            <img decoding=\"async\" width=\"640\" height=\"550\" src=\"https:\/\/decap-he.si\/wp-content\/uploads\/2023\/02\/20230209_092220-640x550.jpg\" class=\"attachment-krowd_medium size-krowd_medium wp-post-image\" alt=\"\" \/>         <\/a>\r\n         <a class=\"link\" href=\"https:\/\/decap-he.si\/en\/galerije\/uvod-v-poucevanje-ucenje-v-izobrazevanju\/\"><i class=\"fas fa-link\"><\/i><\/a>\r\n      <\/div>\r\n      <div class=\"portfolio-content\">\r\n         <div class=\"content-inner\">\r\n            <div class=\"portfolio-meta\"><\/div>\r\n            <h3 class=\"title\"><a href=\"https:\/\/decap-he.si\/en\/galerije\/uvod-v-poucevanje-ucenje-v-izobrazevanju\/\">FOTO: Uvod v pou\u010devanje in u\u010denje v visoko\u0161olskem izobra\u017eevanju<\/a><\/h3> \r\n         <\/div>    \r\n      <\/div>   \r\n   <\/div>\r\n<\/div>\r\n\r\n  <div class=\"all  item-columns isotope-item\">\r\n   <div class=\"portfolio-block portfolio-v1\">      \r\n      <div class=\"images\">\r\n         <a class=\"link-image-content\" href=\"https:\/\/decap-he.si\/en\/galerije\/foto-studijski-obisk-na-norveskem\/\">\r\n            <img decoding=\"async\" width=\"640\" height=\"550\" src=\"https:\/\/decap-he.si\/wp-content\/uploads\/2022\/12\/IMG_7898-640x550.jpg\" class=\"attachment-krowd_medium size-krowd_medium wp-post-image\" alt=\"\" \/>         <\/a>\r\n         <a class=\"link\" href=\"https:\/\/decap-he.si\/en\/galerije\/foto-studijski-obisk-na-norveskem\/\"><i class=\"fas fa-link\"><\/i><\/a>\r\n      <\/div>\r\n      <div class=\"portfolio-content\">\r\n         <div class=\"content-inner\">\r\n            <div class=\"portfolio-meta\"><\/div>\r\n            <h3 class=\"title\"><a href=\"https:\/\/decap-he.si\/en\/galerije\/foto-studijski-obisk-na-norveskem\/\">PHOTO: Study visit to Norway<\/a><\/h3> \r\n         <\/div>    \r\n      <\/div>   \r\n   <\/div>\r\n<\/div>\r\n\r\n  <div class=\"all  item-columns isotope-item\">\r\n   <div class=\"portfolio-block portfolio-v1\">      \r\n      <div class=\"images\">\r\n         <a class=\"link-image-content\" href=\"https:\/\/decap-he.si\/en\/galerije\/foto-simpozij-o-izboljsanju-kakovosti-in-ucinkovitosti-izobrazevanja-in-ucenja\/\">\r\n            <img loading=\"lazy\" decoding=\"async\" width=\"640\" height=\"550\" src=\"https:\/\/decap-he.si\/wp-content\/uploads\/2017\/05\/20221018-001-640x550.jpg\" class=\"attachment-krowd_medium size-krowd_medium wp-post-image\" alt=\"\" \/>         <\/a>\r\n         <a class=\"link\" href=\"https:\/\/decap-he.si\/en\/galerije\/foto-simpozij-o-izboljsanju-kakovosti-in-ucinkovitosti-izobrazevanja-in-ucenja\/\"><i class=\"fas fa-link\"><\/i><\/a>\r\n      <\/div>\r\n      <div class=\"portfolio-content\">\r\n         <div class=\"content-inner\">\r\n            <div class=\"portfolio-meta\"><\/div>\r\n            <h3 class=\"title\"><a href=\"https:\/\/decap-he.si\/en\/galerije\/foto-simpozij-o-izboljsanju-kakovosti-in-ucinkovitosti-izobrazevanja-in-ucenja\/\">PHOTO: Symposium on improving the quality and effectiveness of education and learning<\/a><\/h3> \r\n         <\/div>    \r\n      <\/div>   \r\n   <\/div>\r\n<\/div>\r\n\r\n        <\/div>\r\n    <\/div>\r\n      <\/div>\r\n  <\/div>\t\t<\/div>\n\t\t\t\t<\/div>\n\t\t\t\t\t<\/div>\n\t\t<\/div>\n\t\t\t\t\t<\/div>\n\t\t<\/section>\n\t\t\t\t<section class=\"elementor-section elementor-top-section elementor-element elementor-element-2f0e elementor-section-boxed elementor-section-height-default elementor-section-height-default\" data-id=\"2f0e\" data-element_type=\"section\" data-settings=\"{&quot;background_background&quot;:&quot;classic&quot;,&quot;_ha_eqh_enable&quot;:false}\">\n\t\t\t\t\t\t<div class=\"elementor-container elementor-column-gap-default\">\n\t\t\t\t\t<div class=\"elementor-column elementor-col-100 elementor-top-column elementor-element elementor-element-1109 column-style-top\" data-id=\"1109\" data-element_type=\"column\">\n\t\t\t<div class=\"elementor-widget-wrap elementor-element-populated\">\n\t\t\t\t\t\t<div class=\"elementor-element elementor-element-2210 elementor-widget elementor-widget-gva-heading-block\" data-id=\"2210\" data-element_type=\"widget\" data-widget_type=\"gva-heading-block.default\">\n\t\t\t\t<div class=\"elementor-widget-container\">\n\t\t\t<div class=\"gva-element-gva-heading-block gva-element\">   <div class=\"align-center style-1 widget gsc-heading box-align-left\">\r\n      <div class=\"content-inner\">\r\n         \r\n                  \r\n                     <div class=\"clearfix\"><div class=\"sub-title\"><span>The shape of higher education<\/span><\/div><\/div>\r\n           \r\n         \r\n                     <h2 class=\"title\">\r\n               <span>Competence through active participation<\/span>\r\n            <\/h2>\r\n                  \r\n         \r\n      <\/div>\r\n   <\/div>\r\n   <div class=\"clearfix\"><\/div>\r\n<\/div>\t\t<\/div>\n\t\t\t\t<\/div>\n\t\t\t\t\t<\/div>\n\t\t<\/div>\n\t\t\t\t\t<\/div>\n\t\t<\/section>\n\t\t\t\t<\/div>","protected":false},"excerpt":{"rendered":"<p>Projekt v sliki in videu Aktualni utrinki s projekta. FOTO: \u0160tudijski obisk na Norve\u0161kem FOTO: Simpozij o izbolj\u0161anju kakovosti in u\u010dinkovitosti izobra\u017eevanja in u\u010denja Oblikovanje visokega \u0161olstva Kompetentnost skozi aktivno [&hellip;]<\/p>","protected":false},"author":2,"featured_media":0,"parent":0,"menu_order":0,"comment_status":"closed","ping_status":"closed","template":"","meta":{"_acf_changed":false,"footnotes":""},"class_list":["post-9846","page","type-page","status-publish","hentry"],"acf":[],"wpcf_dashboard":"<div class=\"woocommerce\"><div class=\"woocommerce-info\">Please log in first? <a class=\"wpneoShowLogin\" href=\"#\">Click here to login<\/a><\/div><div class=\"wpneo_login_form_div\" style=\"display: none;\"><form name=\"loginform\" id=\"loginform\" action=\"https:\/\/decap-he.si\/wp-login.php\" method=\"post\"><p class=\"login-username\">\n\t\t\t\t<label for=\"user_login\">Username or Email Address<\/label>\n\t\t\t\t<input type=\"text\" name=\"log\" id=\"user_login\" autocomplete=\"username\" class=\"input\" value=\"\" size=\"20\" \/>\n\t\t\t<\/p><p class=\"login-password\">\n\t\t\t\t<label for=\"user_pass\">Password<\/label>\n\t\t\t\t<input type=\"password\" name=\"pwd\" id=\"user_pass\" autocomplete=\"current-password\" spellcheck=\"false\" class=\"input\" value=\"\" size=\"20\" \/>\n\t\t\t<\/p><p class=\"login-remember\"><label><input name=\"rememberme\" type=\"checkbox\" id=\"rememberme\" value=\"forever\" \/> Remember Me<\/label><\/p><p class=\"login-submit\">\n\t\t\t\t<input type=\"submit\" name=\"wp-submit\" id=\"wp-submit\" class=\"button button-primary\" value=\"Log In\" \/>\n\t\t\t\t<input type=\"hidden\" name=\"redirect_to\" value=\"https:\/\/decap-he.si\/en\/wp-json\/wp\/v2\/pages\/9846\" \/>\n\t\t\t<\/p><\/form><\/div><\/div>","_links":{"self":[{"href":"https:\/\/decap-he.si\/en\/wp-json\/wp\/v2\/pages\/9846","targetHints":{"allow":["GET"]}}],"collection":[{"href":"https:\/\/decap-he.si\/en\/wp-json\/wp\/v2\/pages"}],"about":[{"href":"https:\/\/decap-he.si\/en\/wp-json\/wp\/v2\/types\/page"}],"author":[{"embeddable":true,"href":"https:\/\/decap-he.si\/en\/wp-json\/wp\/v2\/users\/2"}],"replies":[{"embeddable":true,"href":"https:\/\/decap-he.si\/en\/wp-json\/wp\/v2\/comments?post=9846"}],"version-history":[{"count":32,"href":"https:\/\/decap-he.si\/en\/wp-json\/wp\/v2\/pages\/9846\/revisions"}],"predecessor-version":[{"id":10196,"href":"https:\/\/decap-he.si\/en\/wp-json\/wp\/v2\/pages\/9846\/revisions\/10196"}],"wp:attachment":[{"href":"https:\/\/decap-he.si\/en\/wp-json\/wp\/v2\/media?parent=9846"}],"curies":[{"name":"wp","href":"https:\/\/api.w.org\/{rel}","templated":true}]}}